{"id":566,"date":"2022-03-29T18:25:21","date_gmt":"2022-03-29T18:25:21","guid":{"rendered":"https:\/\/webprova0422.xarxateatre.com\/xarxa-teatre-copy\/"},"modified":"2022-03-29T18:25:21","modified_gmt":"2022-03-29T18:25:21","slug":"xarxa-teatre-copy","status":"publish","type":"page","link":"https:\/\/www.xarxateatre.com\/fr\/xarxa-teatre-copy\/","title":{"rendered":"Xarxa Teatre Copiar"},"content":{"rendered":"<div class=\"wpb-content-wrapper\"><p>[vc_row css_animation=\u00a0\u00bb\u00a0\u00bb row_type=\u00a0\u00bbrow\u00a0\u00bb use_row_as_full_screen_section=\u00a0\u00bbno\u00a0\u00bb type=\u00a0\u00bbfull_width\u00a0\u00bb angled_section=\u00a0\u00bbno\u00a0\u00bb text_align=\u00a0\u00bbleft\u00a0\u00bb background_image_as_pattern=\u00a0\u00bbwithout_pattern\u00a0\u00bb][vc_column width=\u00a0\u00bb2\/6&Prime;][vc_single_image image=\u00a0\u00bb516&Prime; img_size=\u00a0\u00bbfull\u00a0\u00bb alignment=\u00a0\u00bbright\u00a0\u00bb qode_css_animation=\u00a0\u00bb\u00a0\u00bb css=\u00a0\u00bb.vc_custom_1647340099482{margin-left: 20px !important;}\u00a0\u00bb][\/vc_column][vc_column width=\u00a0\u00bb4\/6&Prime;][\/vc_column][\/vc_row][vc_row css_animation=\u00a0\u00bb\u00a0\u00bb row_type=\u00a0\u00bbrow\u00a0\u00bb use_row_as_full_screen_section=\u00a0\u00bbno\u00a0\u00bb type=\u00a0\u00bbfull_width\u00a0\u00bb angled_section=\u00a0\u00bbno\u00a0\u00bb text_align=\u00a0\u00bbleft\u00a0\u00bb background_image_as_pattern=\u00a0\u00bbwithout_pattern\u00a0\u00bb z_index=\u00a0\u00bb\u00a0\u00bb padding_top=\u00a0\u00bb40&Prime; padding_bottom=\u00a0\u00bb200&Prime;][vc_column width=\u00a0\u00bb1\/6&Prime;][\/vc_column][vc_column width=\u00a0\u00bb1\/6&Prime;][vc_single_image image=\u00a0\u00bb521&Prime; img_size=\u00a0\u00bb71&#215;71&Prime; alignment=\u00a0\u00bbright\u00a0\u00bb qode_css_animation=\u00a0\u00bb\u00a0\u00bb css=\u00a0\u00bb.vc_custom_1647340016554{padding-top: 18px !important;}\u00a0\u00bb][\/vc_column][vc_column width=\u00a0\u00bb4\/6&Prime;][vc_column_text]Xarxa Teatre nace en 1983 en Vila-real (Castell\u00f3n) y desde entonces ha vivido un crecimiento continuado. Desde sus inicios y ante la falta de una infraestructura teatral estable en el Pa\u00eds Valenciano, los directores de Xarxa Teatre optaron por la calle como escenario para sus espect\u00e1culos. En todo este tiempo, los directores de la compa\u00f1\u00eda, Manuel V. Vilanova y Leandre Ll. Escamilla no han renunciado a sus or\u00edgenes y Xarxa Teatre se ha convertido en una de las compa\u00f1\u00edas de teatro de calle de gran formato m\u00e1s personales del mundo.<\/p>\n<p><strong>\u2022 Tradici\u00f3n.<\/strong> La cultura popular valenciana y mediterr\u00e1nea conforma el n\u00facleo tem\u00e1tico principal de los montajes. La compa\u00f1\u00eda ha sabido sumergirse en las tradiciones, traerlas hasta nuestros d\u00edas y hacerlas universales. El p\u00fablico responde a los espect\u00e1culos porque entiende que estos representan una realidad, una forma de vida particular.<\/p>\n<p><strong>\u2022 Teatro festivo.<\/strong> Las obras de Xarxa provocan al p\u00fablico, penetran por todos los sentidos (el olor de la p\u00f3lvora, la fuerza visual de las im\u00e1genes, el ritmo de la m\u00fasica\u2026). No hay s\u00f3lo una manera de vivir los espect\u00e1culos, sino tantas como espectadores.<\/p>\n<p><strong>\u2022 Lenguaje universal.<\/strong> La compa\u00f1\u00eda ha apostado por un lenguaje propio en el que el gesto se complementa con otros elementos como la m\u00fasica, los efectos pirot\u00e9cnicos y lum\u00ednicos\u2026 Esta apuesta libera al espect\u00e1culo del texto hablado y permite que las obras de Xarxa puedan representarse en cualquier lugar del mundo y ante grandes multitudes.<\/p>\n<p><strong>\u2022 Pirotecnia esc\u00e9nica.<\/strong> La pirotecnia deja de ser un elemento espectacular para ayudar a narrar la historia. Tan pronto sumerge al espectador en una fiesta tradicional valenciana como recrea una tormenta en alta mar. Por algo la prensa ha reconocido a Xarxa como los escultores de fuego.<\/p>\n<p><strong>\u2022 Teatro multimedia<\/strong>. Xarxa ha sabido incorporar las nuevas tecnolog\u00edas a sus espect\u00e1culos. El uso de todos los elementos t\u00e9cnicos que ofrece el teatro actual (proyecciones de gran formato, uso de gr\u00faas y grandes estructuras\u2026) permite a la compa\u00f1\u00eda afrontar cualquier reto art\u00edstico.[\/vc_column_text][\/vc_column][\/vc_row][vc_row css_animation=\u00a0\u00bb\u00a0\u00bb row_type=\u00a0\u00bbrow\u00a0\u00bb use_row_as_full_screen_section=\u00a0\u00bbyes\u00a0\u00bb type=\u00a0\u00bbfull_width\u00a0\u00bb angled_section=\u00a0\u00bbno\u00a0\u00bb text_align=\u00a0\u00bbleft\u00a0\u00bb background_image_as_pattern=\u00a0\u00bbwithout_pattern\u00a0\u00bb z_index=\u00a0\u00bb\u00a0\u00bb background_image=\u00a0\u00bb342&Prime;][vc_column][vc_single_image image=\u00a0\u00bb342&Prime; img_size=\u00a0\u00bbfull\u00a0\u00bb qode_css_animation=\u00a0\u00bb\u00a0\u00bb][\/vc_column][\/vc_row]<\/p>\n<\/div>","protected":false},"excerpt":{"rendered":"<p>[vc_row css_animation=\u00a0\u00bb\u00a0\u00bb row_type=\u00a0\u00bbrow\u00a0\u00bb use_row_as_full_screen_section=\u00a0\u00bbno\u00a0\u00bb type=\u00a0\u00bbfull_width\u00a0\u00bb angled_section=\u00a0\u00bbno\u00a0\u00bb text_align=\u00a0\u00bbleft\u00a0\u00bb background_image_as_pattern=\u00a0\u00bbwithout_pattern\u00a0\u00bb][vc_column width=\u00a0\u00bb2\/6&Prime;][vc_single_image image=\u00a0\u00bb516&Prime; img_size=\u00a0\u00bbfull\u00a0\u00bb alignment=\u00a0\u00bbright\u00a0\u00bb qode_css_animation=\u00a0\u00bb\u00a0\u00bb css=\u00a0\u00bb.vc_custom_1647340099482{margin-left: 20px !important;}\u00a0\u00bb][\/vc_column][vc_column width=\u00a0\u00bb4\/6&Prime;][\/vc_column][\/vc_row][vc_row css_animation=\u00a0\u00bb\u00a0\u00bb row_type=\u00a0\u00bbrow\u00a0\u00bb use_row_as_full_screen_section=\u00a0\u00bbno\u00a0\u00bb type=\u00a0\u00bbfull_width\u00a0\u00bb angled_section=\u00a0\u00bbno\u00a0\u00bb text_align=\u00a0\u00bbleft\u00a0\u00bb background_image_as_pattern=\u00a0\u00bbwithout_pattern\u00a0\u00bb z_index=\u00a0\u00bb\u00a0\u00bb padding_top=\u00a0\u00bb40&Prime; padding_bottom=\u00a0\u00bb200&Prime;][vc_column width=\u00a0\u00bb1\/6&Prime;][\/vc_column][vc_column width=\u00a0\u00bb1\/6&Prime;][vc_single_image image=\u00a0\u00bb521&Prime; img_size=\u00a0\u00bb71&#215;71&Prime; alignment=\u00a0\u00bbright\u00a0\u00bb qode_css_animation=\u00a0\u00bb\u00a0\u00bb css=\u00a0\u00bb.vc_custom_1647340016554{padding-top: 18px !important;}\u00a0\u00bb][\/vc_column][vc_column width=\u00a0\u00bb4\/6&Prime;][vc_column_text]Xarxa Teatre nace en 1983 en Vila-real (Castell\u00f3n) y&#8230;<\/p>\n","protected":false},"author":1,"featured_media":0,"parent":0,"menu_order":0,"comment_status":"closed","ping_status":"closed","template":"","meta":{"footnotes":""},"class_list":["post-566","page","type-page","status-publish","hentry"],"_links":{"self":[{"href":"https:\/\/www.xarxateatre.com\/fr\/wp-json\/wp\/v2\/pages\/566","targetHints":{"allow":["GET"]}}],"collection":[{"href":"https:\/\/www.xarxateatre.com\/fr\/wp-json\/wp\/v2\/pages"}],"about":[{"href":"https:\/\/www.xarxateatre.com\/fr\/wp-json\/wp\/v2\/types\/page"}],"author":[{"embeddable":true,"href":"https:\/\/www.xarxateatre.com\/fr\/wp-json\/wp\/v2\/users\/1"}],"replies":[{"embeddable":true,"href":"https:\/\/www.xarxateatre.com\/fr\/wp-json\/wp\/v2\/comments?post=566"}],"version-history":[{"count":0,"href":"https:\/\/www.xarxateatre.com\/fr\/wp-json\/wp\/v2\/pages\/566\/revisions"}],"wp:attachment":[{"href":"https:\/\/www.xarxateatre.com\/fr\/wp-json\/wp\/v2\/media?parent=566"}],"curies":[{"name":"wp","href":"https:\/\/api.w.org\/{rel}","templated":true}]}}