{"id":4707,"date":"2024-11-20T11:21:47","date_gmt":"2024-11-20T11:21:47","guid":{"rendered":"https:\/\/www.xarxateatre.com\/transparence-2\/"},"modified":"2026-01-14T14:39:53","modified_gmt":"2026-01-14T14:39:53","slug":"transparence-2","status":"publish","type":"page","link":"https:\/\/www.xarxateatre.com\/fr\/transparence-2\/","title":{"rendered":"Transparence"},"content":{"rendered":"<div class=\"wpb-content-wrapper\"><p>[vc_row css_animation=\u00a0\u00bb\u00a0\u00bb row_type=\u00a0\u00bbrow\u00a0\u00bb use_row_as_full_screen_section=\u00a0\u00bbno\u00a0\u00bb type=\u00a0\u00bbgrid\u00a0\u00bb angled_section=\u00a0\u00bbno\u00a0\u00bb text_align=\u00a0\u00bbleft\u00a0\u00bb background_image_as_pattern=\u00a0\u00bbwithout_pattern\u00a0\u00bb el_class=\u00a0\u00bbfilatextlegal\u00a0\u00bb z_index=\u00a0\u00bb\u00a0\u00bb][vc_column][vc_column_text css=\u00a0\u00bb\u00a0\u00bb]<\/p>\n<div>\n<div>\n<h2 data-fontsize=\"18\" data-lineheight=\"27\">Transparence<\/h2>\n<div>\n<div>\n<p>&nbsp;<\/p>\n<\/div>\n<\/div>\n<div>\n<div>\n<p>De acuerdo con el art\u00edculo 3.2 de la Ley 2\/2015, de 2 de abril, de la Generalitat Valenciana, de transparencia, buen gobierno y participaci\u00f3n (DOGV 7500,08\/04\/2015) Xarxa Teatre ha recibido 5.942,83 \u20ac de la Direcci\u00f3n General de Emprendimiento e Internacionalizaci\u00f3n; Subdirecci\u00f3n General de Internacionalizaci\u00f3n de la Generalitat Valenciana de las ayudas a la internacionalizaci\u00f3n de pymes exportadoras de la Comunidad Valenciana 2025.<\/p>\n<\/div>\n<\/div>\n<\/div>\n<\/div>\n<div>\n<hr>\n<p>De acuerdo con el art\u00edculo 3.2 de la Ley 2\/2015, de 2 de abril, de la Generalitat Valenciana, de transparencia, buen gobierno y participaci\u00f3n (DOGV 7500,08\/04\/2015) Xarxa Teatre S.L. ha recibido ayudas del Institut Valenci\u00e0 de Cultura por valor de 130.000,00 \u20ac para el a\u00f1o 2024 y 130.000,00\u20ac para el a\u00f1o 2025 para las producciones de La Serena de la Mar i Babel de Xarxa Teatre, as\u00ed como, la gira 2024-2025, la asistencia a Ferias y la edici\u00f3n de la revista Fiestacultura.<br \/>As\u00ed mismo, ha recibido 500\u20ac de la Direcci\u00f3n General de Internacionalizaci\u00f3n de la Generalitat Valenciana en las ayudas a la internacionalizaci\u00f3n de pymes exportadoras de la Comunidad Valenciana 2024.<br \/>Xarxa Teatre ha recibido 41.000\u20ac del INAEM por las Ayudas al teatro y circo convocadas en el BOE n\u00fam 69, de 19 de marzo de 2024, en concepto de giras internacionales de teatro, que han comprendido los siguientes pa\u00edses Brasil, Andorra, Costa Rica y Colombia.<\/p>\n<p>As\u00ed mismo, ha recibido 500\u20ac de la Direcci\u00f3n General de Internacionalizaci\u00f3n de la Generalitat Valenciana en las ayudas a la internacionalizaci\u00f3n de pymes exportadoras de la Comunidad Valenciana 2024.<\/p>\n<p>Xarxa Teatre ha recibido 41.000\u20ac del INAEM por las Ayudas al teatro y circo convocadas en el BOE n\u00fam 69, de 19 de marzo de 2024, en concepto de giras internacionales de teatro, que han comprendido los siguientes pa\u00edses Brasil, Andorra, Costa Rica y Colombia.<\/p>\n<\/div>\n<div>\n<hr>\n<\/div>\n<div>\n<div>\n<p>De acuerdo con el art\u00edculo 3.2 de la Ley 2\/2015, de 2 de abril, de la Generalitat Valenciana, de transparencia, buen gobierno y participaci\u00f3n (DOGV 7500,08\/04\/2015) Xarxa Teatre S.L. ha recibido ayudas de la Conselleria d\u2019Industria, comer i turisme de la Generalitat Valenciana, per al suport a la promoci\u00f3 exterior de la Comunitat Valenciana 2023 per un valor de 7.383,97 \u20ac.<\/p>\n<\/div>\n<\/div>\n<div>\n<hr>\n<\/div>\n<div>\n<div>\n<p>De acuerdo con el art\u00edculo 3.2 de la Ley 2\/2015, de 2 de abril, de la Generalitat Valenciana, de transparencia, buen gobierno y participaci\u00f3n (DOGV 7500,08\/04\/2015) Xarxa Teatre S.L. ha recibido ayudas del Institut Valenci\u00e0 de Cultura por valor de 125.814,00 \u20ac para el a\u00f1o 2022 y 130.000,00\u20ac para el a\u00f1o 2023 para la coproducci\u00f3n internacional XL, as\u00ed como, la gira de los 40 a\u00f1os (2022-2023), la asistencia a Ferias y la edici\u00f3n de la revista Fiestacultura.<\/p>\n<\/div>\n<\/div>\n<div>\n<hr>\n<\/div>\n<div>\n<div>\n<p>De acuerdo con el art\u00edculo 3.2 de la Ley 2\/2015, de 2 de abril, de la Generalitat Valenciana, de transparencia, buen gobierno y participaci\u00f3n (DOGV 7500,08\/04\/2015) Xarxa Teatre S.L. ha recibido durante el a\u00f1o 2021 ayudas del Institut Valenci\u00e0 de la Cultura por valor de 74.848\u20ac \u20ac repartidas de la siguiente forma:<br \/>\n7.348\u20ac para la assistencia de la Mostra d\u2019Alcoi, Fia T\u00e1rrega, Umore Azoka y Mercartes.<br \/>\n7.500 \u20ac como subvenci\u00f3n para la revista internacional cuatrimestral Fiestacultura.<br \/>\n60.000 \u20ac para la producci\u00f3n de Bioh\u00e0bitat, la tercera parte de la trilog\u00eda Distop\u00eda.<\/p>\n<\/div>\n<\/div>\n<p>[\/vc_column_text][\/vc_column][\/vc_row][vc_row css_animation=\u00a0\u00bb\u00a0\u00bb row_type=\u00a0\u00bbrow\u00a0\u00bb use_row_as_full_screen_section=\u00a0\u00bbno\u00a0\u00bb type=\u00a0\u00bbfull_width\u00a0\u00bb angled_section=\u00a0\u00bbno\u00a0\u00bb text_align=\u00a0\u00bbleft\u00a0\u00bb background_image_as_pattern=\u00a0\u00bbwithout_pattern\u00a0\u00bb css=\u00a0\u00bb.vc_custom_1668192968046{background-color: #0a0a0a !important;}\u00a0\u00bb z_index=\u00a0\u00bb\u00a0\u00bb el_class=\u00a0\u00bbfootermeu\u00a0\u00bb][vc_column width=\u00a0\u00bb1\/2&Prime;][vc_single_image image=\u00a0\u00bb2019&Prime; img_size=\u00a0\u00bb250&#215;47&Prime; qode_css_animation=\u00a0\u00bb\u00a0\u00bb el_class=\u00a0\u00bblogofooterxarxa\u00a0\u00bb][vc_column_text el_class=\u00a0\u00bbtext_contacte\u00a0\u00bb]<\/p>\n<p><a href=\"mailto:management@xarxateatre.com\" target=\"_blank\" rel=\"noopener\">management@xarxateatre.com<\/a><br \/>\n<a href=\"tel:964527995\" target=\"_blank\" rel=\"noopener\">T. \u202d964 527 995<\/a>\u202c<br \/>\nBorriol, 84<br \/>\n12540 Vila-real<\/p>\n<p>[\/vc_column_text][\/vc_column][vc_column width=\u00a0\u00bb1\/2&Prime;][vc_single_image image=\u00a0\u00bb4155&Prime; img_size=\u00a0\u00bbfull\u00a0\u00bb qode_css_animation=\u00a0\u00bb\u00a0\u00bb el_class=\u00a0\u00bblogoscolab\u00a0\u00bb][\/vc_column][\/vc_row][vc_row css_animation=\u00a0\u00bb\u00a0\u00bb row_type=\u00a0\u00bbrow\u00a0\u00bb use_row_as_full_screen_section=\u00a0\u00bbno\u00a0\u00bb type=\u00a0\u00bbfull_width\u00a0\u00bb angled_section=\u00a0\u00bbno\u00a0\u00bb text_align=\u00a0\u00bbleft\u00a0\u00bb background_image_as_pattern=\u00a0\u00bbwithout_pattern\u00a0\u00bb css=\u00a0\u00bb.vc_custom_1668139636266{background-color: #0a0a0a !important;}\u00a0\u00bb z_index=\u00a0\u00bb\u00a0\u00bb][vc_column][vc_column_text el_class=\u00a0\u00bbtexteslegals\u00a0\u00bb]<\/p>\n<p><a href=\"https:\/\/www.xarxateatre.com\/fr\/aviso-legal\/\">AVIS JURIDIQUE<\/a> | <a href=\"https:\/\/www.xarxateatre.com\/fr\/politica-de-privacidad\/\">POLITIQUE DE CONFIDENTIALIT\u00c9<\/a> | <a href=\"https:\/\/www.xarxateatre.com\/fr\/politique-en-matiere-de-cookies\/\">POLITIQUE DE COOKIES<\/a> | <a href=\"https:\/\/www.xarxateatre.com\/transpariencia\/\">TRANSPARENCE<\/a><\/p>\n<p>[\/vc_column_text][\/vc_column][\/vc_row][vc_row css_animation=\u00a0\u00bb\u00a0\u00bb row_type=\u00a0\u00bbrow\u00a0\u00bb use_row_as_full_screen_section=\u00a0\u00bbno\u00a0\u00bb type=\u00a0\u00bbfull_width\u00a0\u00bb angled_section=\u00a0\u00bbno\u00a0\u00bb text_align=\u00a0\u00bbleft\u00a0\u00bb background_image_as_pattern=\u00a0\u00bbwithout_pattern\u00a0\u00bb css=\u00a0\u00bb.vc_custom_1648975436693{background-color: #0a0a0a !important;}\u00a0\u00bb z_index=\u00a0\u00bb\u00a0\u00bb][vc_column][vc_column_text el_class=\u00a0\u00bbcopyxarxa\u00a0\u00bb]\u00a9 XARXA TEATRE 2022[\/vc_column_text][\/vc_column][\/vc_row]<\/p>\n<\/div>","protected":false},"excerpt":{"rendered":"<p>[vc_row css_animation=\u00a0\u00bb\u00a0\u00bb row_type=\u00a0\u00bbrow\u00a0\u00bb use_row_as_full_screen_section=\u00a0\u00bbno\u00a0\u00bb type=\u00a0\u00bbgrid\u00a0\u00bb angled_section=\u00a0\u00bbno\u00a0\u00bb text_align=\u00a0\u00bbleft\u00a0\u00bb background_image_as_pattern=\u00a0\u00bbwithout_pattern\u00a0\u00bb el_class=\u00a0\u00bbfilatextlegal\u00a0\u00bb z_index=\u00a0\u00bb\u00a0\u00bb][vc_column][vc_column_text css=\u00a0\u00bb\u00a0\u00bb] Transparence &nbsp; De acuerdo con el art\u00edculo 3.2 de la Ley 2\/2015, de 2 de abril, de la Generalitat Valenciana, de transparencia, buen gobierno y participaci\u00f3n (DOGV 7500,08\/04\/2015) Xarxa Teatre ha recibido 5.942,83 \u20ac&#8230;<\/p>\n","protected":false},"author":1,"featured_media":0,"parent":0,"menu_order":0,"comment_status":"closed","ping_status":"closed","template":"full_width.php","meta":{"footnotes":""},"class_list":["post-4707","page","type-page","status-publish","hentry"],"_links":{"self":[{"href":"https:\/\/www.xarxateatre.com\/fr\/wp-json\/wp\/v2\/pages\/4707","targetHints":{"allow":["GET"]}}],"collection":[{"href":"https:\/\/www.xarxateatre.com\/fr\/wp-json\/wp\/v2\/pages"}],"about":[{"href":"https:\/\/www.xarxateatre.com\/fr\/wp-json\/wp\/v2\/types\/page"}],"author":[{"embeddable":true,"href":"https:\/\/www.xarxateatre.com\/fr\/wp-json\/wp\/v2\/users\/1"}],"replies":[{"embeddable":true,"href":"https:\/\/www.xarxateatre.com\/fr\/wp-json\/wp\/v2\/comments?post=4707"}],"version-history":[{"count":29,"href":"https:\/\/www.xarxateatre.com\/fr\/wp-json\/wp\/v2\/pages\/4707\/revisions"}],"predecessor-version":[{"id":5378,"href":"https:\/\/www.xarxateatre.com\/fr\/wp-json\/wp\/v2\/pages\/4707\/revisions\/5378"}],"wp:attachment":[{"href":"https:\/\/www.xarxateatre.com\/fr\/wp-json\/wp\/v2\/media?parent=4707"}],"curies":[{"name":"wp","href":"https:\/\/api.w.org\/{rel}","templated":true}]}}