{"id":3791,"date":"2022-04-23T11:32:46","date_gmt":"2022-04-23T11:32:46","guid":{"rendered":"https:\/\/www.xarxateatre.com\/pasqualet-de-vila-real-anima-de-dolcainer\/"},"modified":"2024-11-20T13:22:12","modified_gmt":"2024-11-20T13:22:12","slug":"pasqualet-de-vila-real-anima-de-dolcainer","status":"publish","type":"page","link":"https:\/\/www.xarxateatre.com\/fr\/pasqualet-de-vila-real-anima-de-dolcainer\/","title":{"rendered":"Pasqualet de Vila-real. \u00c0nima de dol\u00e7ainer"},"content":{"rendered":"<div class=\"wpb-content-wrapper\"><p>[vc_row css_animation=\u00a0\u00bb\u00a0\u00bb row_type=\u00a0\u00bbrow\u00a0\u00bb use_row_as_full_screen_section=\u00a0\u00bbno\u00a0\u00bb type=\u00a0\u00bbfull_width\u00a0\u00bb angled_section=\u00a0\u00bbno\u00a0\u00bb text_align=\u00a0\u00bbleft\u00a0\u00bb background_image_as_pattern=\u00a0\u00bbwithout_pattern\u00a0\u00bb z_index=\u00a0\u00bb\u00a0\u00bb el_class=\u00a0\u00bbllibrescap\u00a0\u00bb css=\u00a0\u00bb.vc_custom_1650712421358{background-image: url(https:\/\/www.xarxateatre.com\/wp-content\/uploads\/2022\/04\/restes_0988-scaled-darken.jpg?id=1198) !important;}\u00a0\u00bb][vc_column el_class=\u00a0\u00bbintro\u00a0\u00bb][vc_empty_space height=\u00a0\u00bb400px\u00a0\u00bb el_class=\u00a0\u00bbllibrescapimatge\u00a0\u00bb][\/vc_column][\/vc_row][vc_row css_animation=\u00a0\u00bb\u00a0\u00bb row_type=\u00a0\u00bbrow\u00a0\u00bb use_row_as_full_screen_section=\u00a0\u00bbno\u00a0\u00bb type=\u00a0\u00bbfull_width\u00a0\u00bb angled_section=\u00a0\u00bbno\u00a0\u00bb text_align=\u00a0\u00bbleft\u00a0\u00bb background_image_as_pattern=\u00a0\u00bbwithout_pattern\u00a0\u00bb css=\u00a0\u00bb.vc_custom_1650728773286{background-position: 0 0 !important;background-repeat: no-repeat !important;}\u00a0\u00bb z_index=\u00a0\u00bb\u00a0\u00bb el_class=\u00a0\u00bbllibresboxtitoldetall\u00a0\u00bb][vc_column el_class=\u00a0\u00bbllibresholdertitol\u00a0\u00bb offset=\u00a0\u00bbvc_col-lg-offset-0 vc_col-md-offset-0 vc_col-sm-offset-0&Prime;][vc_column_text el_class=\u00a0\u00bbllibrestitoldetall\u00a0\u00bb]<\/p>\n<h1>Pasqualet de Vila-real.<\/h1>\n<h1>\u00c0nima de dol\u00e7ainer<\/h1>\n<p>[\/vc_column_text][vc_separator type=\u00a0\u00bbnormal\u00a0\u00bb el_class=\u00a0\u00bbllibres_linea_titol\u00a0\u00bb color=\u00a0\u00bb#0a0a0a\u00a0\u00bb thickness=\u00a0\u00bb2&Prime;][vc_column_text el_class=\u00a0\u00bbllibresautordetall\u00a0\u00bb]Manuel V. Vilanova[\/vc_column_text][\/vc_column][\/vc_row][vc_row css_animation=\u00a0\u00bb\u00a0\u00bb row_type=\u00a0\u00bbrow\u00a0\u00bb use_row_as_full_screen_section=\u00a0\u00bbno\u00a0\u00bb type=\u00a0\u00bbfull_width\u00a0\u00bb angled_section=\u00a0\u00bbno\u00a0\u00bb text_align=\u00a0\u00bbleft\u00a0\u00bb background_image_as_pattern=\u00a0\u00bbwithout_pattern\u00a0\u00bb css=\u00a0\u00bb.vc_custom_1650714795323{background-position: 0 0 !important;background-repeat: no-repeat !important;}\u00a0\u00bb z_index=\u00a0\u00bb\u00a0\u00bb el_class=\u00a0\u00bbllibresboxdetall\u00a0\u00bb][vc_column width=\u00a0\u00bb1\/2&Prime; offset=\u00a0\u00bbvc_col-lg-offset-0 vc_col-md-offset-0 vc_col-sm-offset-0&Prime;][vc_single_image image=\u00a0\u00bb1986&Prime; img_size=\u00a0\u00bbfull\u00a0\u00bb qode_css_animation=\u00a0\u00bb\u00a0\u00bb el_class=\u00a0\u00bbllibresfotosdetalls\u00a0\u00bb][\/vc_column][vc_column width=\u00a0\u00bb1\/2&Prime; el_class=\u00a0\u00bbllibrestextesdetall\u00a0\u00bb][vc_column_text]La dol\u00e7aina \u00e9tait l&rsquo;instrument indispensable des f\u00eates valenciennes au XIXe si\u00e8cle et dans la premi\u00e8re partie du XXe si\u00e8cle. Apr\u00e8s la guerre civile, elle a connu une p\u00e9riode de d\u00e9clin, comme d&rsquo;autres activit\u00e9s traditionnelles de l&rsquo;\u00c9tat espagnol, mais elle est revenue sur le devant de la sc\u00e8ne avec l&rsquo;av\u00e8nement de la d\u00e9mocratie. Pasqualet de Vila-real (1937-2020) \u00e9tait un dol\u00e7ainier professionnel qui a connu des changements radicaux dans sa fa\u00e7on de consid\u00e9rer l&rsquo;instrument au cours des 82 ann\u00e9es de sa vie.[\/vc_column_text][\/vc_column][\/vc_row][vc_row css_animation=\u00a0\u00bb\u00a0\u00bb row_type=\u00a0\u00bbrow\u00a0\u00bb use_row_as_full_screen_section=\u00a0\u00bbno\u00a0\u00bb type=\u00a0\u00bbfull_width\u00a0\u00bb angled_section=\u00a0\u00bbno\u00a0\u00bb text_align=\u00a0\u00bbleft\u00a0\u00bb background_image_as_pattern=\u00a0\u00bbwithout_pattern\u00a0\u00bb css=\u00a0\u00bb.vc_custom_1650730735907{background-position: 0 0 !important;background-repeat: no-repeat !important;}\u00a0\u00bb z_index=\u00a0\u00bb\u00a0\u00bb el_class=\u00a0\u00bbllibresboxdetallbottom\u00a0\u00bb padding_bottom=\u00a0\u00bb90px\u00a0\u00bb][vc_column width=\u00a0\u00bb1\/2&Prime; offset=\u00a0\u00bbvc_col-lg-offset-0 vc_col-md-offset-0 vc_col-sm-offset-0&Prime;][vc_single_image image=\u00a0\u00bb2001&Prime; img_size=\u00a0\u00bbfull\u00a0\u00bb qode_css_animation=\u00a0\u00bb\u00a0\u00bb el_class=\u00a0\u00bbllibresfotosdetalls\u00a0\u00bb][vc_single_image image=\u00a0\u00bb2010&Prime; img_size=\u00a0\u00bbfull\u00a0\u00bb qode_css_animation=\u00a0\u00bb\u00a0\u00bb el_class=\u00a0\u00bbllibresfotosdetalls\u00a0\u00bb][vc_single_image image=\u00a0\u00bb2007&Prime; img_size=\u00a0\u00bbfull\u00a0\u00bb qode_css_animation=\u00a0\u00bb\u00a0\u00bb el_class=\u00a0\u00bbllibresfotosdetalls\u00a0\u00bb][vc_single_image image=\u00a0\u00bb2013&Prime; img_size=\u00a0\u00bbfull\u00a0\u00bb qode_css_animation=\u00a0\u00bb\u00a0\u00bb el_class=\u00a0\u00bbllibresfotosdetalls\u00a0\u00bb][\/vc_column][vc_column width=\u00a0\u00bb1\/2&Prime; el_class=\u00a0\u00bbllibrestextesdetall\u00a0\u00bb][vc_column_text]PR\u00c9SENTATION<\/p>\n<div><span lang=\"CA\">Apr\u00e8s avoir \u00e9t\u00e9 dol\u00e7ainer des Festes de carrer de sa ville, il a donn\u00e9 des concerts dans le monde entier. Humble et autodidacte, j&rsquo;ai r\u00e9ussi \u00e0 faire \u00e9voluer l&rsquo;utilisation de l&rsquo;instrument en l&rsquo;incorporant dans de nouvelles musiques qui n&rsquo;avaient jamais \u00e9t\u00e9 utilis\u00e9es auparavant. Aux chansons traditionnelles de l&rsquo;ancienne Escola de Dol\u00e7ainers de Tales, il a incorpor\u00e9 les nouveaux rythmes \u00e0 la mode, pop, latin, afro-am\u00e9ricain, rock et jazz. Avec le Xarxa Teatre, il a fait le tour du monde et avec le Paqualet Swing Band, il a montr\u00e9 que la dol\u00e7aina pouvait aussi \u00eatre un instrument soliste dans le jazz. Le livre est un voyage \u00e0 travers les f\u00eates valenciennes des vingt derni\u00e8res ann\u00e9es et comprend six CD de musique enregistr\u00e9e par Pasqualet.<\/span><\/div>\n<p>&nbsp;<\/p>\n<div>L&rsquo;AUTEUR<\/div>\n<div>\n<p>Manuel V. Vilanova est le directeur fondateur de Xarxa Teatre (1983), une compagnie de th\u00e9\u00e2tre de rue qui a pr\u00e9sent\u00e9 ses spectacles sur les cinq continents et a \u00e9t\u00e9 r\u00e9guli\u00e8rement programm\u00e9e dans tous les grands festivals du monde au cours du XXIe si\u00e8cle. Depuis 2011, il dirige Fiestacultura, un magazine dont il a \u00e9t\u00e9 le fondateur en 1999. Il est le cr\u00e9ateur du Festival de Teatre de Carrer de Vila-real en 1988 et du cirque Magdalena \u00e0 Castell\u00f3n en 1998. Il a r\u00e9guli\u00e8rement donn\u00e9 des conf\u00e9rences et r\u00e9dig\u00e9 des articles sur les arts de la rue dans de nombreux pays sur tous les continents. Il a dirig\u00e9 et \u00e9crit les livres \u00ab\u00a0Xarxa Teatre. Veinte anys aprenant\u00a0\u00bb (2004) et \u00ab\u00a0La escena callejera, 1960-1984\u00a0\u00bb (2010). Pour \u00e9crire ce livre, il a b\u00e9n\u00e9fici\u00e9 de la complicit\u00e9 d&rsquo;<strong>Oscar Luna<\/strong>, metteur en sc\u00e8ne, acteur et directeur de th\u00e9\u00e2tre, du <strong>Dr Paloma Mora<\/strong>, dol\u00e7ainera et professeur au Conservatori de M\u00fasica de Val\u00e8ncia, de <strong>Jaume Gos\u00e0lbez<\/strong>, dol\u00e7ainer et ma\u00eetre en musique traditionnelle, de <strong>Juanjo Pel\u00e1ez<\/strong>, directeur de la Banda de la Uni\u00f3n Musical La lira de Vila-real et de bien d&rsquo;autres dol\u00e7ainers et tabaleters valenciens.<\/p>\n<\/div>\n<p><strong>Manuel V. Vilanova<\/strong>[\/vc_column_text][vc_single_image image=\u00a0\u00bb2016&Prime; img_size=\u00a0\u00bb190&#215;61&Prime; onclick=\u00a0\u00bbcustom_link\u00a0\u00bb img_link_target=\u00a0\u00bb_blank\u00a0\u00bb qode_css_animation=\u00a0\u00bb\u00a0\u00bb el_class=\u00a0\u00bbbotocomprar\u00a0\u00bb link=\u00a0\u00bbhttps:\/\/fiestacultura.com\/producto\/pasqualet-de-vila-real-discografia-complerta\/\u00a0\u00bb][\/vc_column][\/vc_row][vc_row css_animation=\u00a0\u00bb\u00a0\u00bb row_type=\u00a0\u00bbrow\u00a0\u00bb use_row_as_full_screen_section=\u00a0\u00bbno\u00a0\u00bb type=\u00a0\u00bbfull_width\u00a0\u00bb angled_section=\u00a0\u00bbno\u00a0\u00bb text_align=\u00a0\u00bbleft\u00a0\u00bb background_image_as_pattern=\u00a0\u00bbwithout_pattern\u00a0\u00bb css=\u00a0\u00bb.vc_custom_1668192968046{background-color: #0a0a0a !important;}\u00a0\u00bb z_index=\u00a0\u00bb\u00a0\u00bb el_class=\u00a0\u00bbfootermeu\u00a0\u00bb][vc_column width=\u00a0\u00bb1\/2&Prime;][vc_single_image image=\u00a0\u00bb2019&Prime; img_size=\u00a0\u00bb250&#215;47&Prime; qode_css_animation=\u00a0\u00bb\u00a0\u00bb el_class=\u00a0\u00bblogofooterxarxa\u00a0\u00bb][vc_column_text el_class=\u00a0\u00bbtext_contacte\u00a0\u00bb]management@xarxateatre.com T<a href=\"tel:964527995\" target=\"_blank\" rel=\"noopener\">.<\/a><\/p>\n<p>9<a href=\"tel:964527995\" target=\"_blank\" rel=\"noopener\">64 527 995<\/a>Borriol, 84 12540 Vila-real[\/vc_column_text][\/vc_column][vc_column width=\u00a0\u00bb1\/2&Prime;][vc_single_image image=\u00a0\u00bb4058&Prime; img_size=\u00a0\u00bbfull\u00a0\u00bb qode_css_animation=\u00a0\u00bb\u00a0\u00bb el_class=\u00a0\u00bblogoscolab\u00a0\u00bb][\/vc_column][\/vc_row][vc_row css_animation=\u00a0\u00bb\u00a0\u00bb row_type=\u00a0\u00bbrow\u00a0\u00bb use_row_as_full_screen_section=\u00a0\u00bbno\u00a0\u00bb type=\u00a0\u00bbfull_width\u00a0\u00bb angled_section=\u00a0\u00bbno\u00a0\u00bb text_align=\u00a0\u00bbleft\u00a0\u00bb background_image_as_pattern=\u00a0\u00bbwithout_pattern\u00a0\u00bb css=\u00a0\u00bb.vc_custom_1648975430057{background-color: #0a0a0a !important;}\u00a0\u00bb z_index=\u00a0\u00bb\u00a0\u00bb][vc_column][vc_column_text el_class=\u00a0\u00bbtexteslegals\u00a0\u00bb]<a>AVIS JURIDIQUE<\/a> | <a>POLITIQUE DE CONFIDENTIALIT\u00c9<\/a> | <a>POLITIQUE DE COOKIES<\/a> | <a>TRANSPARENCE<\/a>[\/vc_column_text][\/vc_column][\/vc_row][vc_row css_animation=\u00a0\u00bb\u00a0\u00bb row_type=\u00a0\u00bbrow\u00a0\u00bb use_row_as_full_screen_section=\u00a0\u00bbno\u00a0\u00bb type=\u00a0\u00bbfull_width\u00a0\u00bb angled_section=\u00a0\u00bbno\u00a0\u00bb text_align=\u00a0\u00bbleft\u00a0\u00bb background_image_as_pattern=\u00a0\u00bbwithout_pattern\u00a0\u00bb css=\u00a0\u00bb.vc_custom_1648975436693{background-color: #0a0a0a !important;}\u00a0\u00bb z_index=\u00a0\u00bb\u00a0\u00bb][vc_column][vc_column_text el_class=\u00a0\u00bbcopyxarxa\u00a0\u00bb]\u00a9 XARXA TEATRE 2022[\/vc_column_text][\/vc_column][\/vc_row]<\/p>\n<\/div>","protected":false},"excerpt":{"rendered":"<p>[vc_row css_animation=\u00a0\u00bb\u00a0\u00bb row_type=\u00a0\u00bbrow\u00a0\u00bb use_row_as_full_screen_section=\u00a0\u00bbno\u00a0\u00bb type=\u00a0\u00bbfull_width\u00a0\u00bb angled_section=\u00a0\u00bbno\u00a0\u00bb text_align=\u00a0\u00bbleft\u00a0\u00bb background_image_as_pattern=\u00a0\u00bbwithout_pattern\u00a0\u00bb z_index=\u00a0\u00bb\u00a0\u00bb el_class=\u00a0\u00bbllibrescap\u00a0\u00bb css=\u00a0\u00bb.vc_custom_1650712421358{background-image: url(https:\/\/www.xarxateatre.com\/wp-content\/uploads\/2022\/04\/restes_0988-scaled-darken.jpg?id=1198) !important;}\u00a0\u00bb][vc_column el_class=\u00a0\u00bbintro\u00a0\u00bb][vc_empty_space height=\u00a0\u00bb400px\u00a0\u00bb el_class=\u00a0\u00bbllibrescapimatge\u00a0\u00bb][\/vc_column][\/vc_row][vc_row css_animation=\u00a0\u00bb\u00a0\u00bb row_type=\u00a0\u00bbrow\u00a0\u00bb use_row_as_full_screen_section=\u00a0\u00bbno\u00a0\u00bb type=\u00a0\u00bbfull_width\u00a0\u00bb angled_section=\u00a0\u00bbno\u00a0\u00bb text_align=\u00a0\u00bbleft\u00a0\u00bb background_image_as_pattern=\u00a0\u00bbwithout_pattern\u00a0\u00bb css=\u00a0\u00bb.vc_custom_1650728773286{background-position: 0 0 !important;background-repeat: no-repeat !important;}\u00a0\u00bb z_index=\u00a0\u00bb\u00a0\u00bb el_class=\u00a0\u00bbllibresboxtitoldetall\u00a0\u00bb][vc_column el_class=\u00a0\u00bbllibresholdertitol\u00a0\u00bb offset=\u00a0\u00bbvc_col-lg-offset-0 vc_col-md-offset-0 vc_col-sm-offset-0&Prime;][vc_column_text el_class=\u00a0\u00bbllibrestitoldetall\u00a0\u00bb] Pasqualet de Vila-real. \u00c0nima de dol\u00e7ainer [\/vc_column_text][vc_separator type=\u00a0\u00bbnormal\u00a0\u00bb el_class=\u00a0\u00bbllibres_linea_titol\u00a0\u00bb&#8230;<\/p>\n","protected":false},"author":1,"featured_media":0,"parent":0,"menu_order":0,"comment_status":"closed","ping_status":"closed","template":"full_width.php","meta":{"footnotes":""},"class_list":["post-3791","page","type-page","status-publish","hentry"],"_links":{"self":[{"href":"https:\/\/www.xarxateatre.com\/fr\/wp-json\/wp\/v2\/pages\/3791","targetHints":{"allow":["GET"]}}],"collection":[{"href":"https:\/\/www.xarxateatre.com\/fr\/wp-json\/wp\/v2\/pages"}],"about":[{"href":"https:\/\/www.xarxateatre.com\/fr\/wp-json\/wp\/v2\/types\/page"}],"author":[{"embeddable":true,"href":"https:\/\/www.xarxateatre.com\/fr\/wp-json\/wp\/v2\/users\/1"}],"replies":[{"embeddable":true,"href":"https:\/\/www.xarxateatre.com\/fr\/wp-json\/wp\/v2\/comments?post=3791"}],"version-history":[{"count":15,"href":"https:\/\/www.xarxateatre.com\/fr\/wp-json\/wp\/v2\/pages\/3791\/revisions"}],"predecessor-version":[{"id":4830,"href":"https:\/\/www.xarxateatre.com\/fr\/wp-json\/wp\/v2\/pages\/3791\/revisions\/4830"}],"wp:attachment":[{"href":"https:\/\/www.xarxateatre.com\/fr\/wp-json\/wp\/v2\/media?parent=3791"}],"curies":[{"name":"wp","href":"https:\/\/api.w.org\/{rel}","templated":true}]}}