{"id":2728,"date":"2022-11-08T10:25:43","date_gmt":"2022-11-08T10:25:43","guid":{"rendered":"https:\/\/www.xarxateatre.com\/papers\/"},"modified":"2024-11-20T13:22:02","modified_gmt":"2024-11-20T13:22:02","slug":"papers","status":"publish","type":"page","link":"https:\/\/www.xarxateatre.com\/fr\/papers\/","title":{"rendered":"Papers!"},"content":{"rendered":"<div class=\"wpb-content-wrapper\"><p>[vc_row css_animation=\u00a0\u00bb\u00a0\u00bb row_type=\u00a0\u00bbrow\u00a0\u00bb use_row_as_full_screen_section=\u00a0\u00bbyes\u00a0\u00bb type=\u00a0\u00bbfull_width\u00a0\u00bb angled_section=\u00a0\u00bbno\u00a0\u00bb text_align=\u00a0\u00bbleft\u00a0\u00bb background_image_as_pattern=\u00a0\u00bbwithout_pattern\u00a0\u00bb z_index=\u00a0\u00bb\u00a0\u00bb el_id=\u00a0\u00bbobracap\u00a0\u00bb css=\u00a0\u00bb.vc_custom_1667904526238{background-image: url(https:\/\/www.xarxateatre.com\/wp-content\/uploads\/2022\/11\/Papers-Vila-Real-Spain-3.jpg?id=1288) !important;}\u00a0\u00bb][vc_column][vc_empty_space height=\u00a0\u00bb400px\u00a0\u00bb][\/vc_column][\/vc_row][vc_row css_animation=\u00a0\u00bb\u00a0\u00bb row_type=\u00a0\u00bbrow\u00a0\u00bb use_row_as_full_screen_section=\u00a0\u00bbyes\u00a0\u00bb type=\u00a0\u00bbfull_width\u00a0\u00bb angled_section=\u00a0\u00bbno\u00a0\u00bb text_align=\u00a0\u00bbleft\u00a0\u00bb background_image_as_pattern=\u00a0\u00bbwithout_pattern\u00a0\u00bb z_index=\u00a0\u00bb\u00a0\u00bb padding_top=\u00a0\u00bb80&Prime; padding_bottom=\u00a0\u00bb0&Prime; el_class=\u00a0\u00bbcontenidorgruptitol\u00a0\u00bb][vc_column][vc_column_text el_class=\u00a0\u00bbobratitol\u00a0\u00bb]<\/p>\n<h1>Papers!<\/h1>\n<p>[\/vc_column_text][vc_separator type=\u00a0\u00bbnormal\u00a0\u00bb color=\u00a0\u00bb#8bbc20&Prime;][vc_column_text el_class=\u00a0\u00bbobrasubtitol\u00a0\u00bb css=\u00a0\u00bb.vc_custom_1716568737247{margin-top: -10px !important;}\u00a0\u00bb]<\/p>\n<h3>Du pur th\u00e9\u00e2tre de rue<\/h3>\n<p>[\/vc_column_text][\/vc_column][\/vc_row][vc_row css_animation=\u00a0\u00bb\u00a0\u00bb row_type=\u00a0\u00bbrow\u00a0\u00bb use_row_as_full_screen_section=\u00a0\u00bbno\u00a0\u00bb type=\u00a0\u00bbfull_width\u00a0\u00bb angled_section=\u00a0\u00bbno\u00a0\u00bb text_align=\u00a0\u00bbleft\u00a0\u00bb background_image_as_pattern=\u00a0\u00bbwithout_pattern\u00a0\u00bb z_index=\u00a0\u00bb\u00a0\u00bb padding_top=\u00a0\u00bb20&Prime; padding_bottom=\u00a0\u00bb0&Prime; el_class=\u00a0\u00bbobresdiagonegra\u00a0\u00bb][vc_column][vc_single_image image=\u00a0\u00bb1818&Prime; img_size=\u00a0\u00bb71&#215;71&Prime; qode_css_animation=\u00a0\u00bb\u00a0\u00bb][\/vc_column][\/vc_row][vc_row css_animation=\u00a0\u00bb\u00a0\u00bb row_type=\u00a0\u00bbrow\u00a0\u00bb use_row_as_full_screen_section=\u00a0\u00bbno\u00a0\u00bb type=\u00a0\u00bbfull_width\u00a0\u00bb angled_section=\u00a0\u00bbno\u00a0\u00bb text_align=\u00a0\u00bbleft\u00a0\u00bb background_image_as_pattern=\u00a0\u00bbwithout_pattern\u00a0\u00bb z_index=\u00a0\u00bb\u00a0\u00bb padding_top=\u00a0\u00bb0&Prime; padding_bottom=\u00a0\u00bb30&Prime; css=\u00a0\u00bb.vc_custom_1650623693664{margin-top: -15px !important;}\u00a0\u00bb el_class=\u00a0\u00bbobrestextes\u00a0\u00bb][vc_column width=\u00a0\u00bb2\/3&Prime;][vc_column_text el_class=\u00a0\u00bbobratextnegre\u00a0\u00bb]<\/p>\n<p style=\"font-weight: 400;\">Papers ! est du pur th\u00e9\u00e2tre de rue : du th\u00e9\u00e2tre social, l\u00e9ger, choquant et transcendant. Un spectacle sans texte qui cherche \u00e0 provoquer une r\u00e9flexion chez le spectateur \u00e0 travers des images qui naviguent entre l&rsquo;absurde, l&rsquo;inimaginable et le r\u00e9el. Les personnages font la satire des conflits que le pouvoir et l&rsquo;argent g\u00e9n\u00e8rent dans la soci\u00e9t\u00e9 actuelle, avec une esth\u00e9tique fid\u00e8le au style qui a rendu la compagnie valencienne Xarxa Teatre c\u00e9l\u00e8bre dans les festivals de rue du monde entier.<\/p>\n<p style=\"font-weight: 400;\">L&rsquo;\u00e9mission tourne autour d&rsquo;un groupe de migrants qui arrivent dans un nouveau pays \u00e0 la recherche d&rsquo;un avenir meilleur, mais leurs illusions sont bris\u00e9es par la r\u00e9alit\u00e9 qu&rsquo;ils d\u00e9couvrent : une soci\u00e9t\u00e9 qui les oblige \u00e0 assumer les r\u00f4les les plus pr\u00e9caires. Un spectacle de rue tragicomique qui rend visible l&rsquo;invisible sur les abus des pouvoirs en place et les doubles standards de la soci\u00e9t\u00e9.<\/p>\n<p>[\/vc_column_text][\/vc_column][vc_column width=\u00a0\u00bb1\/3&Prime;][\/vc_column][\/vc_row][vc_row css_animation=\u00a0\u00bb\u00a0\u00bb row_type=\u00a0\u00bbrow\u00a0\u00bb use_row_as_full_screen_section=\u00a0\u00bbyes\u00a0\u00bb type=\u00a0\u00bbfull_width\u00a0\u00bb angled_section=\u00a0\u00bbno\u00a0\u00bb text_align=\u00a0\u00bbcenter\u00a0\u00bb background_image_as_pattern=\u00a0\u00bbwithout_pattern\u00a0\u00bb z_index=\u00a0\u00bb\u00a0\u00bb css=\u00a0\u00bb.vc_custom_1667904245872{margin-top: 0px !important;margin-right: 0px !important;margin-bottom: 0px !important;margin-left: 0px !important;border-top-width: 0px !important;border-right-width: 0px !important;border-bottom-width: 0px !important;border-left-width: 0px !important;padding-top: 0px !important;padding-right: 0px !important;padding-bottom: 0px !important;padding-left: 0px !important;}\u00a0\u00bb side_padding=\u00a0\u00bb0&Prime; background_image=\u00a0\u00bb1292&Prime;][vc_column css=\u00a0\u00bb.vc_custom_1648597564371{margin-right: 0px !important;margin-left: 0px !important;}\u00a0\u00bb][vc_empty_space height=\u00a0\u00bb500px\u00a0\u00bb][\/vc_column][\/vc_row][vc_row css_animation=\u00a0\u00bb\u00a0\u00bb row_type=\u00a0\u00bbrow\u00a0\u00bb use_row_as_full_screen_section=\u00a0\u00bbno\u00a0\u00bb type=\u00a0\u00bbfull_width\u00a0\u00bb angled_section=\u00a0\u00bbno\u00a0\u00bb text_align=\u00a0\u00bbleft\u00a0\u00bb background_image_as_pattern=\u00a0\u00bbwithout_pattern\u00a0\u00bb z_index=\u00a0\u00bb\u00a0\u00bb padding_top=\u00a0\u00bb30&Prime; padding_bottom=\u00a0\u00bb60&Prime; css=\u00a0\u00bb.vc_custom_1650623839820{margin-top: -15px !important;}\u00a0\u00bb el_class=\u00a0\u00bbobrestextes\u00a0\u00bb][vc_column width=\u00a0\u00bb2\/3&Prime;][vc_column_text el_class=\u00a0\u00bbobratextnegre\u00a0\u00bb]<strong>Ce que les gens ont dit de Papers ! :<\/strong><\/p>\n<p>\u00b7 \u00ab\u00a0Oui, je dis, magnifique\u00a0\u00bb. Dominique Trichet. Directeur FAI AR.<\/p>\n<p>\u00b7 \u00a0\u00bb Chronique de l&rsquo;actualit\u00e9, de l&rsquo;\u00e9motion et de l&rsquo;engagement. C&rsquo;est du th\u00e9\u00e2tre\u00a0\u00bb. Toni Pastor. Gestionnaire culturel.<\/p>\n<p>\u00b7 \u00ab\u00a0Excellente proposition : le travail des acteurs&#8230; extraordinairement puissant&#8230; partition splendide&#8230; fin puissante\u00a0\u00bb. Josep Llu\u00eds Sirera.<\/p>\n<p>\u00b7 \u00ab\u00a0Je n&rsquo;ai jamais vu les camarades de Xarxa aussi combatifs. Un travail passionnant qui nous a tous fait r\u00e9fl\u00e9chir et ressentir\u00a0\u00bb. Hadi Kurich. Directeur du Teatro de la Resistencia<\/p>\n<p>\u00b7 \u00ab\u00a0Un spectacle qui confirme que la rue peut aussi \u00eatre une sc\u00e8ne pour des spectacles ayant un profond impact social, bravo \u00e0 Xarxa !\u00a0\u00bb Nel Diago. Conf\u00e9rencier et critique de th\u00e9\u00e2tre \u00e0 La Cartelera del Turia.[\/vc_column_text][\/vc_column][vc_column width=\u00a0\u00bb1\/3&Prime;][\/vc_column][\/vc_row][vc_row css_animation=\u00a0\u00bb\u00a0\u00bb row_type=\u00a0\u00bbrow\u00a0\u00bb use_row_as_full_screen_section=\u00a0\u00bbyes\u00a0\u00bb type=\u00a0\u00bbfull_width\u00a0\u00bb angled_section=\u00a0\u00bbno\u00a0\u00bb text_align=\u00a0\u00bbcenter\u00a0\u00bb background_image_as_pattern=\u00a0\u00bbwithout_pattern\u00a0\u00bb z_index=\u00a0\u00bb\u00a0\u00bb css=\u00a0\u00bb.vc_custom_1667904226924{margin-top: 0px !important;margin-right: 0px !important;margin-bottom: 0px !important;margin-left: 0px !important;border-top-width: 0px !important;border-right-width: 0px !important;border-bottom-width: 0px !important;border-left-width: 0px !important;padding-top: 0px !important;padding-right: 0px !important;padding-bottom: 0px !important;padding-left: 0px !important;}\u00a0\u00bb el_class=\u00a0\u00bbfila_videogaleria\u00a0\u00bb][vc_column el_class=\u00a0\u00bbvideosobresgaleria\u00a0\u00bb offset=\u00a0\u00bbvc_col-lg-offset-0 vc_col-md-offset-0 vc_col-sm-offset-0&Prime;][qode_elements_holder number_of_columns=\u00a0\u00bbone_column\u00a0\u00bb custom_class=\u00a0\u00bbgaleriaholdervideo1&Prime;][qode_elements_holder_item advanced_animations=\u00a0\u00bbno\u00a0\u00bb custom_class=\u00a0\u00bbgaleriaholdervideo2&Prime;][vc_video link=\u00a0\u00bbhttps:\/\/youtu.be\/1ZLc4PazxzA\u00a0\u00bb align=\u00a0\u00bbcenter\u00a0\u00bb el_class=\u00a0\u00bbvideoespectacle\u00a0\u00bb][\/qode_elements_holder_item][\/qode_elements_holder][\/vc_column][\/vc_row][vc_row css_animation=\u00a0\u00bb\u00a0\u00bb row_type=\u00a0\u00bbrow\u00a0\u00bb use_row_as_full_screen_section=\u00a0\u00bbyes\u00a0\u00bb type=\u00a0\u00bbfull_width\u00a0\u00bb angled_section=\u00a0\u00bbno\u00a0\u00bb text_align=\u00a0\u00bbcenter\u00a0\u00bb background_image_as_pattern=\u00a0\u00bbwithout_pattern\u00a0\u00bb z_index=\u00a0\u00bb\u00a0\u00bb css=\u00a0\u00bb.vc_custom_1650534475219{margin-top: 0px !important;margin-right: 0px !important;margin-bottom: 0px !important;margin-left: 0px !important;border-top-width: 0px !important;border-right-width: 0px !important;border-bottom-width: 0px !important;border-left-width: 0px !important;padding-top: 0px !important;padding-right: 0px !important;padding-bottom: 0px !important;padding-left: 0px !important;}\u00a0\u00bb el_class=\u00a0\u00bbfila_galeria\u00a0\u00bb][vc_column el_class=\u00a0\u00bbobresgaleria\u00a0\u00bb offset=\u00a0\u00bbvc_col-lg-offset-0 vc_col-md-offset-0 vc_col-sm-offset-0&Prime;][qode_elements_holder number_of_columns=\u00a0\u00bbone_column\u00a0\u00bb custom_class=\u00a0\u00bbgaleriaholder1&Prime;][qode_elements_holder_item advanced_animations=\u00a0\u00bbno\u00a0\u00bb custom_class=\u00a0\u00bbgaleriaholder2&Prime;][vc_gallery type=\u00a0\u00bbimage_grid\u00a0\u00bb images=\u00a0\u00bb2070,2073,2076,2079,2082,2085,2088,2091,2094,2097,2100&Prime; img_size=\u00a0\u00bb130&#215;130&Prime; column_number=\u00a0\u00bb0&Prime; grayscale=\u00a0\u00bbno\u00a0\u00bb images_space=\u00a0\u00bbgallery_without_space\u00a0\u00bb el_class=\u00a0\u00bbgaleriaimatges\u00a0\u00bb][\/qode_elements_holder_item][\/qode_elements_holder][\/vc_column][\/vc_row][vc_row css_animation=\u00a0\u00bb\u00a0\u00bb row_type=\u00a0\u00bbrow\u00a0\u00bb use_row_as_full_screen_section=\u00a0\u00bbyes\u00a0\u00bb type=\u00a0\u00bbfull_width\u00a0\u00bb angled_section=\u00a0\u00bbno\u00a0\u00bb text_align=\u00a0\u00bbleft\u00a0\u00bb background_image_as_pattern=\u00a0\u00bbwithout_pattern\u00a0\u00bb z_index=\u00a0\u00bb\u00a0\u00bb padding_top=\u00a0\u00bb80&Prime; padding_bottom=\u00a0\u00bb100&Prime; el_class=\u00a0\u00bbobresacordi\u00a0\u00bb][vc_column][vc_accordion active_tab=\u00a0\u00bbfalse\u00a0\u00bb collapsible=\u00a0\u00bbyes\u00a0\u00bb style=\u00a0\u00bbaccordion\u00a0\u00bb el_class=\u00a0\u00bbobrescordocult\u00a0\u00bb][vc_accordion_tab title=\u00a0\u00bbFicha art\u00edstica\u00a0\u00bb title_tag=\u00a0\u00bbh2&Prime; title_color=\u00a0\u00bb#ffffff\u00a0\u00bb background_color=\u00a0\u00bb#0a0a0a\u00a0\u00bb][qode_elements_holder number_of_columns=\u00a0\u00bbtwo_columns\u00a0\u00bb][qode_elements_holder_item vertical_alignment=\u00a0\u00bbtop\u00a0\u00bb advanced_animations=\u00a0\u00bbno\u00a0\u00bb][vc_column_text el_class=\u00a0\u00bbtiposacordio\u00a0\u00bb]<\/p>\n<h5>Dramaturgia:<\/h5>\n<p><i>Vicent Mart\u00ed Xar<\/i><\/p>\n<h5>Actrices:<\/h5>\n<p>Paula Escamilla<\/p>\n<p>Esther Angl\u00e9s<\/p>\n<p>Diana Bernal<\/p>\n<h5>Actores:<\/h5>\n<p>\u00d2scar Luna<\/p>\n<p>Ferran Navarro<\/p>\n<p>Joe G\u00f3mez<\/p>\n<p>Manuel Ort\u00ed \u201cRabassa\u201d<\/p>\n<p>Alex Ferr\u00fas<\/p>\n<p>Pasqual Arrufat<\/p>\n<h5>Dise\u00f1o y confecci\u00f3n de vestuario:<\/h5>\n<p>Maribel Peydr\u00f3<\/p>\n<p>Maribel Monle\u00f3n<\/p>\n<p>Xarxa Teatre<\/p>\n<h5>Dise\u00f1o escenografia y m\u00e1scaras:<\/h5>\n<p>Amat Bell\u00e9s<\/p>\n<p>Carles Abad<\/p>\n<p>Marcelo D\u00edaz<\/p>\n<p>Pasqua\u2260l Arrufat<\/p>\n<h5>Construcci\u00f3n escenograf\u00eda:<\/h5>\n<p>Pasqual Arrufat<\/p>\n<p>Joan ninot<\/p>\n<p>Marcelo D\u00edaz<\/p>\n<p>Jos\u00e9 Ferrer<span class=\"Apple-converted-space\"> <\/span>[\/vc_column_text][\/qode_elements_holder_item][qode_elements_holder_item vertical_alignment=\u00a0\u00bbtop\u00a0\u00bb advanced_animations=\u00a0\u00bbno\u00a0\u00bb][vc_column_text el_class=\u00a0\u00bbtiposacordio\u00a0\u00bb]<\/p>\n<h5>Iluminador:<\/h5>\n<p>Christophe Le Bideau<span class=\"Apple-converted-space\"> <\/span><\/p>\n<h5>Fotografias:<\/h5>\n<p>Josep Gil<span class=\"Apple-converted-space\"> <\/span><\/p>\n<h5>V\u00eddeos:<\/h5>\n<p>Estudi Josep Gil<span class=\"Apple-converted-space\"> <\/span><\/p>\n<h5>Director de imagen (logos, carteles, cat\u00e1logos y web):<\/h5>\n<p>Josep Gil<\/p>\n<h5>M\u00fasica:<\/h5>\n<p>\u00c1ngel Llu\u00eds Ferrando<span class=\"Apple-converted-space\"> <\/span><\/p>\n<h5>RRPP:<span class=\"Apple-converted-space\"> <\/span><\/h5>\n<p>Sixte Barber\u00e0<\/p>\n<h5>Administraci\u00f3n:<\/h5>\n<p>Josep Garc\u00eda<\/p>\n<h5>Management:<\/h5>\n<p>Laia Vilanova<span class=\"Apple-converted-space\"> <\/span><\/p>\n<h5>Direcci\u00f3n t\u00e9cnica:<\/h5>\n<p>Angel Carrasco \u201cel Nano\u201d<\/p>\n<h5>Ayudante de direcci\u00f3n:<\/h5>\n<p>\u00d2scar Luna<span class=\"Apple-converted-space\"> <\/span><\/p>\n<h5>Direcci\u00f3n:<\/h5>\n<p>Leandre Ll. Escamilla<\/p>\n<p>Manuel V. Vilanova[\/vc_column_text][\/qode_elements_holder_item][\/qode_elements_holder][\/vc_accordion_tab][\/vc_accordion][vc_accordion active_tab=\u00a0\u00bbfalse\u00a0\u00bb collapsible=\u00a0\u00bbyes\u00a0\u00bb style=\u00a0\u00bbaccordion\u00a0\u00bb el_class=\u00a0\u00bbobrescordocult\u00a0\u00bb][vc_accordion_tab title=\u00a0\u00bbDossier\u00a0\u00bb title_tag=\u00a0\u00bbh2&Prime; title_color=\u00a0\u00bb#ffffff\u00a0\u00bb background_color=\u00a0\u00bb#0a0a0a\u00a0\u00bb][vc_single_image image=\u00a0\u00bb1878&Prime; img_size=\u00a0\u00bb100&#215;100&Prime; qode_css_animation=\u00a0\u00bb\u00a0\u00bb][\/vc_accordion_tab][\/vc_accordion][\/vc_column][\/vc_row][vc_row css_animation=\u00a0\u00bb\u00a0\u00bb row_type=\u00a0\u00bbrow\u00a0\u00bb use_row_as_full_screen_section=\u00a0\u00bbno\u00a0\u00bb type=\u00a0\u00bbfull_width\u00a0\u00bb angled_section=\u00a0\u00bbno\u00a0\u00bb text_align=\u00a0\u00bbleft\u00a0\u00bb background_image_as_pattern=\u00a0\u00bbwithout_pattern\u00a0\u00bb css=\u00a0\u00bb.vc_custom_1668192968046{background-color: #0a0a0a !important;}\u00a0\u00bb z_index=\u00a0\u00bb\u00a0\u00bb el_class=\u00a0\u00bbfootermeu\u00a0\u00bb][vc_column width=\u00a0\u00bb1\/2&Prime;][vc_single_image image=\u00a0\u00bb2019&Prime; img_size=\u00a0\u00bb250&#215;47&Prime; qode_css_animation=\u00a0\u00bb\u00a0\u00bb el_class=\u00a0\u00bblogofooterxarxa\u00a0\u00bb][vc_column_text el_class=\u00a0\u00bbtext_contacte\u00a0\u00bb]management@xarxateatre.com T<a href=\"tel:964527995\" target=\"_blank\" rel=\"noopener\">.<\/a><\/p>\n<p>9<a href=\"tel:964527995\" target=\"_blank\" rel=\"noopener\">64 527 995<\/a>Borriol, 84 12540 Vila-real[\/vc_column_text][\/vc_column][vc_column width=\u00a0\u00bb1\/2&Prime;][vc_single_image image=\u00a0\u00bb4155&Prime; img_size=\u00a0\u00bbfull\u00a0\u00bb qode_css_animation=\u00a0\u00bb\u00a0\u00bb el_class=\u00a0\u00bblogoscolab\u00a0\u00bb][\/vc_column][\/vc_row][vc_row css_animation=\u00a0\u00bb\u00a0\u00bb row_type=\u00a0\u00bbrow\u00a0\u00bb use_row_as_full_screen_section=\u00a0\u00bbno\u00a0\u00bb type=\u00a0\u00bbfull_width\u00a0\u00bb angled_section=\u00a0\u00bbno\u00a0\u00bb text_align=\u00a0\u00bbleft\u00a0\u00bb background_image_as_pattern=\u00a0\u00bbwithout_pattern\u00a0\u00bb css=\u00a0\u00bb.vc_custom_1668139636266{background-color: #0a0a0a !important;}\u00a0\u00bb z_index=\u00a0\u00bb\u00a0\u00bb][vc_column][vc_column_text el_class=\u00a0\u00bbtexteslegals\u00a0\u00bb]<\/p>\n<p><a href=\"https:\/\/www.xarxateatre.com\/aviso-legal\/\">AVIS JURIDIQUE<\/a> | <a href=\"https:\/\/www.xarxateatre.com\/politica-de-privacidad\/\">POLITIQUE DE CONFIDENTIALIT\u00c9<\/a> | <a href=\"https:\/\/www.xarxateatre.com\/fr\/politique-en-matiere-de-cookies\/\">POLITIQUE DE COOKIES<\/a> | <a href=\"https:\/\/www.xarxateatre.com\/fr\/transparence\/\">TRANSPARENCE<\/a><\/p>\n<p>[\/vc_column_text][\/vc_column][\/vc_row][vc_row css_animation=\u00a0\u00bb\u00a0\u00bb row_type=\u00a0\u00bbrow\u00a0\u00bb use_row_as_full_screen_section=\u00a0\u00bbno\u00a0\u00bb type=\u00a0\u00bbfull_width\u00a0\u00bb angled_section=\u00a0\u00bbno\u00a0\u00bb text_align=\u00a0\u00bbleft\u00a0\u00bb background_image_as_pattern=\u00a0\u00bbwithout_pattern\u00a0\u00bb css=\u00a0\u00bb.vc_custom_1648975436693{background-color: #0a0a0a !important;}\u00a0\u00bb z_index=\u00a0\u00bb\u00a0\u00bb][vc_column][vc_column_text el_class=\u00a0\u00bbcopyxarxa\u00a0\u00bb]\u00a9 XARXA TEATRE 2022[\/vc_column_text][\/vc_column][\/vc_row]<\/p>\n<\/div>","protected":false},"excerpt":{"rendered":"<p>[vc_row css_animation=\u00a0\u00bb\u00a0\u00bb row_type=\u00a0\u00bbrow\u00a0\u00bb use_row_as_full_screen_section=\u00a0\u00bbyes\u00a0\u00bb type=\u00a0\u00bbfull_width\u00a0\u00bb angled_section=\u00a0\u00bbno\u00a0\u00bb text_align=\u00a0\u00bbleft\u00a0\u00bb background_image_as_pattern=\u00a0\u00bbwithout_pattern\u00a0\u00bb z_index=\u00a0\u00bb\u00a0\u00bb el_id=\u00a0\u00bbobracap\u00a0\u00bb css=\u00a0\u00bb.vc_custom_1667904526238{background-image: url(https:\/\/www.xarxateatre.com\/wp-content\/uploads\/2022\/11\/Papers-Vila-Real-Spain-3.jpg?id=1288) !important;}\u00a0\u00bb][vc_column][vc_empty_space height=\u00a0\u00bb400px\u00a0\u00bb][\/vc_column][\/vc_row][vc_row css_animation=\u00a0\u00bb\u00a0\u00bb row_type=\u00a0\u00bbrow\u00a0\u00bb use_row_as_full_screen_section=\u00a0\u00bbyes\u00a0\u00bb type=\u00a0\u00bbfull_width\u00a0\u00bb angled_section=\u00a0\u00bbno\u00a0\u00bb text_align=\u00a0\u00bbleft\u00a0\u00bb background_image_as_pattern=\u00a0\u00bbwithout_pattern\u00a0\u00bb z_index=\u00a0\u00bb\u00a0\u00bb padding_top=\u00a0\u00bb80&Prime; padding_bottom=\u00a0\u00bb0&Prime; el_class=\u00a0\u00bbcontenidorgruptitol\u00a0\u00bb][vc_column][vc_column_text el_class=\u00a0\u00bbobratitol\u00a0\u00bb] Papers! [\/vc_column_text][vc_separator type=\u00a0\u00bbnormal\u00a0\u00bb color=\u00a0\u00bb#8bbc20&Prime;][vc_column_text el_class=\u00a0\u00bbobrasubtitol\u00a0\u00bb css=\u00a0\u00bb.vc_custom_1716568737247{margin-top: -10px !important;}\u00a0\u00bb] Du pur th\u00e9\u00e2tre de rue [\/vc_column_text][\/vc_column][\/vc_row][vc_row css_animation=\u00a0\u00bb\u00a0\u00bb row_type=\u00a0\u00bbrow\u00a0\u00bb use_row_as_full_screen_section=\u00a0\u00bbno\u00a0\u00bb type=\u00a0\u00bbfull_width\u00a0\u00bb angled_section=\u00a0\u00bbno\u00a0\u00bb&#8230;<\/p>\n","protected":false},"author":1,"featured_media":0,"parent":0,"menu_order":0,"comment_status":"closed","ping_status":"closed","template":"full_width.php","meta":{"footnotes":""},"class_list":["post-2728","page","type-page","status-publish","hentry"],"_links":{"self":[{"href":"https:\/\/www.xarxateatre.com\/fr\/wp-json\/wp\/v2\/pages\/2728","targetHints":{"allow":["GET"]}}],"collection":[{"href":"https:\/\/www.xarxateatre.com\/fr\/wp-json\/wp\/v2\/pages"}],"about":[{"href":"https:\/\/www.xarxateatre.com\/fr\/wp-json\/wp\/v2\/types\/page"}],"author":[{"embeddable":true,"href":"https:\/\/www.xarxateatre.com\/fr\/wp-json\/wp\/v2\/users\/1"}],"replies":[{"embeddable":true,"href":"https:\/\/www.xarxateatre.com\/fr\/wp-json\/wp\/v2\/comments?post=2728"}],"version-history":[{"count":39,"href":"https:\/\/www.xarxateatre.com\/fr\/wp-json\/wp\/v2\/pages\/2728\/revisions"}],"predecessor-version":[{"id":4821,"href":"https:\/\/www.xarxateatre.com\/fr\/wp-json\/wp\/v2\/pages\/2728\/revisions\/4821"}],"wp:attachment":[{"href":"https:\/\/www.xarxateatre.com\/fr\/wp-json\/wp\/v2\/media?parent=2728"}],"curies":[{"name":"wp","href":"https:\/\/api.w.org\/{rel}","templated":true}]}}