{"id":2668,"date":"2020-11-26T02:06:39","date_gmt":"2020-11-26T02:06:39","guid":{"rendered":"https:\/\/www.xarxateatre.com\/xarxa-teatre\/"},"modified":"2024-11-20T13:24:15","modified_gmt":"2024-11-20T13:24:15","slug":"xarxa-teatre","status":"publish","type":"page","link":"https:\/\/www.xarxateatre.com\/fr\/xarxa-teatre\/","title":{"rendered":"Xarxa Teatre"},"content":{"rendered":"<div class=\"wpb-content-wrapper\"><p>[vc_row css_animation=\u00a0\u00bb\u00a0\u00bb row_type=\u00a0\u00bbrow\u00a0\u00bb use_row_as_full_screen_section=\u00a0\u00bbyes\u00a0\u00bb type=\u00a0\u00bbfull_width\u00a0\u00bb angled_section=\u00a0\u00bbno\u00a0\u00bb text_align=\u00a0\u00bbleft\u00a0\u00bb background_image_as_pattern=\u00a0\u00bbwithout_pattern\u00a0\u00bb z_index=\u00a0\u00bb\u00a0\u00bb el_id=\u00a0\u00bbmarca_xarxa_web\u00a0\u00bb][vc_column width=\u00a0\u00bb1\/3&Prime; el_class=\u00a0\u00bbholdermarca2&Prime;][vc_single_image image=\u00a0\u00bb1788&Prime; img_size=\u00a0\u00bb240&#215;45&Prime; onclick=\u00a0\u00bbcustom_link\u00a0\u00bb qode_css_animation=\u00a0\u00bb\u00a0\u00bb el_id=\u00a0\u00bbpxarxa_lamarca\u00a0\u00bb el_class=\u00a0\u00bbpxarxa_lamarcacl\u00a0\u00bb link=\u00a0\u00bbhttp:\/\/webprova0422.xarxateatre.com\u00a0\u00bb][\/vc_column][vc_column width=\u00a0\u00bb2\/3&Prime;][\/vc_column][\/vc_row][vc_row css_animation=\u00a0\u00bb\u00a0\u00bb row_type=\u00a0\u00bbrow\u00a0\u00bb use_row_as_full_screen_section=\u00a0\u00bbyes\u00a0\u00bb type=\u00a0\u00bbfull_width\u00a0\u00bb angled_section=\u00a0\u00bbno\u00a0\u00bb text_align=\u00a0\u00bbleft\u00a0\u00bb background_image_as_pattern=\u00a0\u00bbwithout_pattern\u00a0\u00bb z_index=\u00a0\u00bb\u00a0\u00bb el_class=\u00a0\u00bbbloctextxarxa\u00a0\u00bb][vc_column width=\u00a0\u00bb1\/3&Prime; el_class=\u00a0\u00bbholderdiagonal2&Prime;][vc_single_image image=\u00a0\u00bb1794&Prime; img_size=\u00a0\u00bb71&#215;71&Prime; alignment=\u00a0\u00bbright\u00a0\u00bb qode_css_animation=\u00a0\u00bb\u00a0\u00bb css=\u00a0\u00bb.vc_custom_1648590416867{padding-top: 18px !important;}\u00a0\u00bb el_class=\u00a0\u00bbpxarxa_diagonal\u00a0\u00bb][\/vc_column][vc_column width=\u00a0\u00bb2\/3&Prime; el_class=\u00a0\u00bbtexdretaxarxa\u00a0\u00bb][vc_column_text el_class=\u00a0\u00bbpxarxaparagraf\u00a0\u00bb]Xarxa Teatre a \u00e9t\u00e9 fond\u00e9 en 1983 \u00e0 Vila-real (Castell\u00f3n) et depuis lors, il a connu une croissance continue. Depuis ses d\u00e9buts, les directeurs du Xarxa Teatre ont choisi la rue comme sc\u00e8ne pour leurs spectacles. Pendant tout ce temps, les directeurs de la compagnie, Manuel V. Vilanova et Leandre Ll. Escamilla, n&rsquo;ont pas reni\u00e9 leurs origines et Xarxa Teatre est devenu l&rsquo;une des compagnies de th\u00e9\u00e2tre de rue grand format les plus personnelles du monde.<\/p>\n<p><strong>\u2022 La tradition.<\/strong> La culture populaire valencienne et m\u00e9diterran\u00e9enne constitue le noyau th\u00e9matique principal des productions. L&rsquo;entreprise a su s&rsquo;impr\u00e9gner de ces traditions, les actualiser et les rendre universelles. Le public r\u00e9agit aux spectacles parce qu&rsquo;il comprend qu&rsquo;ils repr\u00e9sentent une r\u00e9alit\u00e9, un mode de vie particulier.<\/p>\n<p><strong>\u2022 Th\u00e9\u00e2tre festif.<\/strong> Les pi\u00e8ces de Xarxa provoquent le public, elles p\u00e9n\u00e8trent par tous les sens (l&rsquo;odeur de la poudre, la force visuelle des images, le rythme de la musique&#8230;). Il n&rsquo;y a pas une seule fa\u00e7on de vivre les spectacles, mais autant qu&rsquo;il y a de spectateurs.<\/p>\n<p><strong>\u2022 Langue universelle.<\/strong> La compagnie a opt\u00e9 pour un langage propre dans lequel le geste est compl\u00e9t\u00e9 par d&rsquo;autres \u00e9l\u00e9ments tels que la musique, les effets pyrotechniques et lumineux&#8230; Cette approche lib\u00e8re le spectacle du texte parl\u00e9 et permet aux \u0153uvres de Xarxa d&rsquo;\u00eatre jou\u00e9es partout dans le monde et devant de grandes foules.<\/p>\n<p><strong>\u2022 Pyrotechnie de sc\u00e8ne.<\/strong> La pyrotechnie cesse d&rsquo;\u00eatre un \u00e9l\u00e9ment spectaculaire pour aider \u00e0 la narration de l&rsquo;histoire. Aussit\u00f4t qu&rsquo;il plonge le spectateur dans une f\u00eate traditionnelle valencienne, il recr\u00e9e une temp\u00eate en haute mer. Ce n&rsquo;est pas pour rien que la presse a reconnu les Xarxa comme les sculpteurs du feu.<\/p>\n<p><strong>\u2022 Th\u00e9\u00e2tre multim\u00e9dia<\/strong>. Xarxa a su int\u00e9grer les nouvelles technologies dans ses spectacles. L&rsquo;utilisation de tous les \u00e9l\u00e9ments techniques offerts par le th\u00e9\u00e2tre d&rsquo;aujourd&rsquo;hui (projections grand format, utilisation de grues et de grandes structures&#8230;) permet \u00e0 la compagnie de relever tous les d\u00e9fis artistiques.[\/vc_column_text][\/vc_column][\/vc_row][vc_row css_animation=\u00a0\u00bb\u00a0\u00bb row_type=\u00a0\u00bbrow\u00a0\u00bb use_row_as_full_screen_section=\u00a0\u00bbyes\u00a0\u00bb type=\u00a0\u00bbfull_width\u00a0\u00bb angled_section=\u00a0\u00bbno\u00a0\u00bb text_align=\u00a0\u00bbleft\u00a0\u00bb background_image_as_pattern=\u00a0\u00bbwithout_pattern\u00a0\u00bb z_index=\u00a0\u00bb\u00a0\u00bb][vc_column width=\u00a0\u00bb1\/3&Prime; el_class=\u00a0\u00bbholderdiagonal2&Prime;][\/vc_column][vc_column width=\u00a0\u00bb2\/3&Prime; el_class=\u00a0\u00bbtexdretaxarxa\u00a0\u00bb][vc_video link=\u00a0\u00bb\u00a0\u00bb el_class=\u00a0\u00bbvideo_hist\u00a0\u00bb][\/vc_column][\/vc_row][vc_row css_animation=\u00a0\u00bb\u00a0\u00bb row_type=\u00a0\u00bbrow\u00a0\u00bb use_row_as_full_screen_section=\u00a0\u00bbyes\u00a0\u00bb type=\u00a0\u00bbfull_width\u00a0\u00bb angled_section=\u00a0\u00bbno\u00a0\u00bb text_align=\u00a0\u00bbcenter\u00a0\u00bb background_image_as_pattern=\u00a0\u00bbwithout_pattern\u00a0\u00bb z_index=\u00a0\u00bb\u00a0\u00bb css=\u00a0\u00bb.vc_custom_1648597654131{margin-top: 0px !important;margin-right: 0px !important;margin-bottom: 0px !important;margin-left: 0px !important;border-top-width: 0px !important;border-right-width: 0px !important;border-bottom-width: 0px !important;border-left-width: 0px !important;padding-top: 0px !important;padding-right: 0px !important;padding-bottom: 0px !important;padding-left: 0px !important;}\u00a0\u00bb side_padding=\u00a0\u00bb0&Prime;][vc_column css=\u00a0\u00bb.vc_custom_1648597564371{margin-right: 0px !important;margin-left: 0px !important;}\u00a0\u00bb][vc_single_image image=\u00a0\u00bb1692&Prime; img_size=\u00a0\u00bbfull\u00a0\u00bb alignment=\u00a0\u00bbcenter\u00a0\u00bb qode_css_animation=\u00a0\u00bb\u00a0\u00bb el_class=\u00a0\u00bbimatge_interior\u00a0\u00bb css=\u00a0\u00bb.vc_custom_1648597707977{margin-top: 0px !important;margin-right: -20px !important;margin-bottom: 0px !important;margin-left: -20px !important;border-top-width: 0px !important;border-right-width: 0px !important;border-bottom-width: 0px !important;border-left-width: 0px !important;padding-top: 0px !important;padding-right: 0px !important;padding-bottom: 0px !important;padding-left: 0px !important;}\u00a0\u00bb][\/vc_column][\/vc_row][vc_row css_animation=\u00a0\u00bb\u00a0\u00bb row_type=\u00a0\u00bbrow\u00a0\u00bb use_row_as_full_screen_section=\u00a0\u00bbno\u00a0\u00bb type=\u00a0\u00bbfull_width\u00a0\u00bb angled_section=\u00a0\u00bbno\u00a0\u00bb text_align=\u00a0\u00bbleft\u00a0\u00bb background_image_as_pattern=\u00a0\u00bbwithout_pattern\u00a0\u00bb css=\u00a0\u00bb.vc_custom_1668192968046{background-color: #0a0a0a !important;}\u00a0\u00bb z_index=\u00a0\u00bb\u00a0\u00bb el_class=\u00a0\u00bbfootermeu\u00a0\u00bb][vc_column width=\u00a0\u00bb1\/2&Prime;][vc_single_image image=\u00a0\u00bb2019&Prime; img_size=\u00a0\u00bb250&#215;47&Prime; qode_css_animation=\u00a0\u00bb\u00a0\u00bb el_class=\u00a0\u00bblogofooterxarxa\u00a0\u00bb][vc_column_text el_class=\u00a0\u00bbtext_contacte\u00a0\u00bb]management@xarxateatre.com T<a href=\"tel:964527995\" target=\"_blank\" rel=\"noopener\">.<\/a><\/p>\n<p>9<a href=\"tel:964527995\" target=\"_blank\" rel=\"noopener\">64 527 995<\/a>Borriol, 84 12540 Vila-real[\/vc_column_text][\/vc_column][vc_column width=\u00a0\u00bb1\/2&Prime;][vc_single_image image=\u00a0\u00bb4155&Prime; img_size=\u00a0\u00bbfull\u00a0\u00bb qode_css_animation=\u00a0\u00bb\u00a0\u00bb][\/vc_column][\/vc_row][vc_row css_animation=\u00a0\u00bb\u00a0\u00bb row_type=\u00a0\u00bbrow\u00a0\u00bb use_row_as_full_screen_section=\u00a0\u00bbno\u00a0\u00bb type=\u00a0\u00bbfull_width\u00a0\u00bb angled_section=\u00a0\u00bbno\u00a0\u00bb text_align=\u00a0\u00bbleft\u00a0\u00bb background_image_as_pattern=\u00a0\u00bbwithout_pattern\u00a0\u00bb css=\u00a0\u00bb.vc_custom_1668139636266{background-color: #0a0a0a !important;}\u00a0\u00bb z_index=\u00a0\u00bb\u00a0\u00bb][vc_column][vc_column_text el_class=\u00a0\u00bbtexteslegals\u00a0\u00bb]<\/p>\n<p><a href=\"https:\/\/www.xarxateatre.com\/aviso-legal\/\">AVIS JURIDIQUE<\/a> | <a href=\"https:\/\/www.xarxateatre.com\/politica-de-privacidad\/\">POLITIQUE DE CONFIDENTIALIT\u00c9<\/a> | <a href=\"https:\/\/www.xarxateatre.com\/fr\/politique-en-matiere-de-cookies\/\">POLITIQUE DE COOKIES<\/a> | <a href=\"https:\/\/www.xarxateatre.com\/fr\/transparence\/\">TRANSPARENCE<\/a><\/p>\n<p>[\/vc_column_text][\/vc_column][\/vc_row][vc_row css_animation=\u00a0\u00bb\u00a0\u00bb row_type=\u00a0\u00bbrow\u00a0\u00bb use_row_as_full_screen_section=\u00a0\u00bbno\u00a0\u00bb type=\u00a0\u00bbfull_width\u00a0\u00bb angled_section=\u00a0\u00bbno\u00a0\u00bb text_align=\u00a0\u00bbleft\u00a0\u00bb background_image_as_pattern=\u00a0\u00bbwithout_pattern\u00a0\u00bb css=\u00a0\u00bb.vc_custom_1648975436693{background-color: #0a0a0a !important;}\u00a0\u00bb z_index=\u00a0\u00bb\u00a0\u00bb][vc_column][vc_column_text el_class=\u00a0\u00bbcopyxarxa\u00a0\u00bb]\u00a9 XARXA TEATRE 2022[\/vc_column_text][\/vc_column][\/vc_row]<\/p>\n<\/div>","protected":false},"excerpt":{"rendered":"<p>[vc_row css_animation=\u00a0\u00bb\u00a0\u00bb row_type=\u00a0\u00bbrow\u00a0\u00bb use_row_as_full_screen_section=\u00a0\u00bbyes\u00a0\u00bb type=\u00a0\u00bbfull_width\u00a0\u00bb angled_section=\u00a0\u00bbno\u00a0\u00bb text_align=\u00a0\u00bbleft\u00a0\u00bb background_image_as_pattern=\u00a0\u00bbwithout_pattern\u00a0\u00bb z_index=\u00a0\u00bb\u00a0\u00bb el_id=\u00a0\u00bbmarca_xarxa_web\u00a0\u00bb][vc_column width=\u00a0\u00bb1\/3&Prime; el_class=\u00a0\u00bbholdermarca2&Prime;][vc_single_image image=\u00a0\u00bb1788&Prime; img_size=\u00a0\u00bb240&#215;45&Prime; onclick=\u00a0\u00bbcustom_link\u00a0\u00bb qode_css_animation=\u00a0\u00bb\u00a0\u00bb el_id=\u00a0\u00bbpxarxa_lamarca\u00a0\u00bb el_class=\u00a0\u00bbpxarxa_lamarcacl\u00a0\u00bb link=\u00a0\u00bbhttp:\/\/webprova0422.xarxateatre.com\u00a0\u00bb][\/vc_column][vc_column width=\u00a0\u00bb2\/3&Prime;][\/vc_column][\/vc_row][vc_row css_animation=\u00a0\u00bb\u00a0\u00bb row_type=\u00a0\u00bbrow\u00a0\u00bb use_row_as_full_screen_section=\u00a0\u00bbyes\u00a0\u00bb type=\u00a0\u00bbfull_width\u00a0\u00bb angled_section=\u00a0\u00bbno\u00a0\u00bb text_align=\u00a0\u00bbleft\u00a0\u00bb background_image_as_pattern=\u00a0\u00bbwithout_pattern\u00a0\u00bb z_index=\u00a0\u00bb\u00a0\u00bb el_class=\u00a0\u00bbbloctextxarxa\u00a0\u00bb][vc_column width=\u00a0\u00bb1\/3&Prime; el_class=\u00a0\u00bbholderdiagonal2&Prime;][vc_single_image image=\u00a0\u00bb1794&Prime; img_size=\u00a0\u00bb71&#215;71&Prime; alignment=\u00a0\u00bbright\u00a0\u00bb qode_css_animation=\u00a0\u00bb\u00a0\u00bb css=\u00a0\u00bb.vc_custom_1648590416867{padding-top: 18px !important;}\u00a0\u00bb el_class=\u00a0\u00bbpxarxa_diagonal\u00a0\u00bb][\/vc_column][vc_column width=\u00a0\u00bb2\/3&Prime; el_class=\u00a0\u00bbtexdretaxarxa\u00a0\u00bb][vc_column_text el_class=\u00a0\u00bbpxarxaparagraf\u00a0\u00bb]Xarxa Teatre a \u00e9t\u00e9&#8230;<\/p>\n","protected":false},"author":1,"featured_media":0,"parent":0,"menu_order":0,"comment_status":"closed","ping_status":"closed","template":"full_width.php","meta":{"footnotes":""},"class_list":["post-2668","page","type-page","status-publish","hentry"],"_links":{"self":[{"href":"https:\/\/www.xarxateatre.com\/fr\/wp-json\/wp\/v2\/pages\/2668","targetHints":{"allow":["GET"]}}],"collection":[{"href":"https:\/\/www.xarxateatre.com\/fr\/wp-json\/wp\/v2\/pages"}],"about":[{"href":"https:\/\/www.xarxateatre.com\/fr\/wp-json\/wp\/v2\/types\/page"}],"author":[{"embeddable":true,"href":"https:\/\/www.xarxateatre.com\/fr\/wp-json\/wp\/v2\/users\/1"}],"replies":[{"embeddable":true,"href":"https:\/\/www.xarxateatre.com\/fr\/wp-json\/wp\/v2\/comments?post=2668"}],"version-history":[{"count":30,"href":"https:\/\/www.xarxateatre.com\/fr\/wp-json\/wp\/v2\/pages\/2668\/revisions"}],"predecessor-version":[{"id":4883,"href":"https:\/\/www.xarxateatre.com\/fr\/wp-json\/wp\/v2\/pages\/2668\/revisions\/4883"}],"wp:attachment":[{"href":"https:\/\/www.xarxateatre.com\/fr\/wp-json\/wp\/v2\/media?parent=2668"}],"curies":[{"name":"wp","href":"https:\/\/api.w.org\/{rel}","templated":true}]}}