{"id":4702,"date":"2024-11-20T11:21:47","date_gmt":"2024-11-20T11:21:47","guid":{"rendered":"https:\/\/www.xarxateatre.com\/transparency-2\/"},"modified":"2026-01-14T14:38:33","modified_gmt":"2026-01-14T14:38:33","slug":"transparency-2","status":"publish","type":"page","link":"https:\/\/www.xarxateatre.com\/en\/transparency-2\/","title":{"rendered":"Transparency"},"content":{"rendered":"<div class=\"wpb-content-wrapper\"><p>[vc_row css_animation=&#8221;&#8221; row_type=&#8221;row&#8221; use_row_as_full_screen_section=&#8221;no&#8221; type=&#8221;grid&#8221; angled_section=&#8221;no&#8221; text_align=&#8221;left&#8221; background_image_as_pattern=&#8221;without_pattern&#8221; el_class=&#8221;filatextlegal&#8221; z_index=&#8221;&#8221;][vc_column][vc_column_text css=&#8221;&#8221;]<\/p>\n<div>\n<div>\n<h2 data-fontsize=\"18\" data-lineheight=\"27\">Transparency<\/h2>\n<div>\n<div>\n<p>&nbsp;<\/p>\n<\/div>\n<\/div>\n<div>\n<div>\n<p>In accordance with article 3.2 of Law 2\/2015, of 2 April, of the Generalitat Valenciana, on transparency, good governance and participation (DOGV 7500,08\/04\/2015) Xarxa Teatre has received 5.942,83 \u20ac from Direcci\u00f3n General de Emprendimiento e Internacionalizaci\u00f3n; Subdirecci\u00f3n General de Internacionalizaci\u00f3n de la Generalitat Valenciana of aid for internationalisation of pymes exporters from the Valencian Community 2025<\/p>\n<\/div>\n<\/div>\n<\/div>\n<\/div>\n<div>\n<hr>\n<p>In accordance with article 3.2 of Law 2\/2015, of 2 April, of the Generalitat Valenciana, on transparency, good governance and participation (DOGV 7500,08\/04\/2015) Xarxa Teatre S.L. has received grants from the Institut Valenci\u00e0 de Cultura amounting to 130. 130.000,00 \u20ac for the year 2024 and 130.000,00 \u20ac for the year 2025 for the productions of La Serena de la Mar and Babel by Xarxa Teatre, as well as the tour 2024-2025, the attendance to Fairs and the edition of the magazine Fiestacultura.<br \/>It has also received \u20ac500 from the Directorate General for Internationalisation of the Generalitat Valenciana as part of the aid for the internationalisation of exporting SMEs in the Valencian Community 2024.<br \/>Xarxa Teatre has received \u20ac41,000 from INAEM for the theatre and circus grants announced in BOE no. 69, 19 March 2024, for international theatre tours, which have included the following countries: Brazil, Andorra, Costa Rica and Colombia.<br \/>Translated with DeepL.com (free version)<\/p>\n<p>It has also received \u20ac500 from the Direcci\u00f3n General de Internacionalizaci\u00f3n de la Generalitat Valenciana in the aid for the internationalisation of exporting SMEs in the Valencian Community 2024.<\/p>\n<p>Xarxa Teatre has received 41.000\u20ac from INAEM for the theatre and circus grants announced in the BOE no. 69, 19 March 2024, for international theatre tours, which have included the following countries: Brazil, Andorra, Costa Rica and Colombia.<\/p>\n<\/div>\n<div>\n<hr>\n<\/div>\n<div>\n<div>\n<p>In accordance with article 3.2 of Law 2\/2015, of April 2, of the Generalitat Valenciana, of transparency, good governance and participation (DOGV 7500,08\/04\/2015) Xarxa Teatre S.L. has received aid from the Conselleria d&#8217;Industria, comer i turisme de la Generalitat Valenciana, per al suport a la promoci\u00f3 exterior de la Comunitat Valenciana 2023 per un valor de 7.383,97 \u20ac.<\/p>\n<\/div>\n<\/div>\n<div>\n<hr>\n<\/div>\n<div>\n<div>\n<p>In accordance with Article 3.2 of Law 2\/2015, of April 2, of the Generalitat Valenciana, of transparency, good governance and participation (DOGV 7500,08\/04\/2015) Xarxa Teatre S.L. has received grants from the Institut Valenci\u00e0 de Cultura amounting to 125.814,00 \u20ac for the year 2022 and 130.000,00\u20ac for the year 2023 for the international co-production XL, as well as, the 40th anniversary tour (2022-2023), the attendance to Fairs and the edition of the magazine Fiestacultura.<\/p>\n<\/div>\n<\/div>\n<div>\n<hr>\n<\/div>\n<div>\n<div>\n<p>In accordance with article 3.2 of Law 2\/2015, of 2 April, of the Generalitat Valenciana, on transparency, good governance and participation (DOGV 7500,08\/04\/2015) Xarxa Teatre S.L. has received aid from the Institut Valenci\u00e0 de la Cultura for the year 2021 amounting to 74,848 \u20ac distributed as follows:<br \/>\n7,348 \u20ac to attend the Mostra d&#8217;Alcoi, Fia T\u00e1rrega, Umore Azoka and Mercartes.<br \/>\n7,500 \u20ac as a subsidy for the four-monthly international magazine Fiestacultura.<br \/>\n60,000 \u20ac for the production of Bioh\u00e0bitat, the third part of the Dystopia trilogy.<br \/>Translated with DeepL.com (free version)<\/p>\n<\/div>\n<\/div>\n<p>[\/vc_column_text][\/vc_column][\/vc_row][vc_row css_animation=&#8221;&#8221; row_type=&#8221;row&#8221; use_row_as_full_screen_section=&#8221;no&#8221; type=&#8221;full_width&#8221; angled_section=&#8221;no&#8221; text_align=&#8221;left&#8221; background_image_as_pattern=&#8221;without_pattern&#8221; css=&#8221;.vc_custom_1668192968046{background-color: #0a0a0a !important;}&#8221; z_index=&#8221;&#8221; el_class=&#8221;footermeu&#8221;][vc_column width=&#8221;1\/2&#8243;][vc_single_image image=&#8221;2018&#8243; img_size=&#8221;250&#215;47&#8243; qode_css_animation=&#8221;&#8221; el_class=&#8221;logofooterxarxa&#8221;][vc_column_text el_class=&#8221;text_contacte&#8221;]<\/p>\n<p><a href=\"mailto:management@xarxateatre.com\" target=\"_blank\" rel=\"noopener\">management@xarxateatre.com<\/a><br \/>\n<a href=\"tel:964527995\" target=\"_blank\" rel=\"noopener\">T. \u202d964 527 995<\/a>\u202c<br \/>\nBorriol, 84<br \/>\n12540 Vila-real<\/p>\n<p>[\/vc_column_text][\/vc_column][vc_column width=&#8221;1\/2&#8243;][vc_single_image image=&#8221;4154&#8243; img_size=&#8221;full&#8221; qode_css_animation=&#8221;&#8221; el_class=&#8221;logoscolab&#8221;][\/vc_column][\/vc_row][vc_row css_animation=&#8221;&#8221; row_type=&#8221;row&#8221; use_row_as_full_screen_section=&#8221;no&#8221; type=&#8221;full_width&#8221; angled_section=&#8221;no&#8221; text_align=&#8221;left&#8221; background_image_as_pattern=&#8221;without_pattern&#8221; css=&#8221;.vc_custom_1668139636266{background-color: #0a0a0a !important;}&#8221; z_index=&#8221;&#8221;][vc_column][vc_column_text el_class=&#8221;texteslegals&#8221;]<\/p>\n<p><a href=\"https:\/\/www.xarxateatre.com\/en\/aviso-legal\/\">LEGAL DISCLAIMER<\/a> | <a href=\"https:\/\/www.xarxateatre.com\/en\/politica-de-privacidad\/\">PRIVACY POLICY<\/a> | <a href=\"https:\/\/www.xarxateatre.com\/en\/cookie-policy\/\">COOKIES POLICY<\/a> | <a href=\"https:\/\/www.xarxateatre.com\/transpariencia\/\">TRANSPARENCY<\/a><\/p>\n<p>[\/vc_column_text][\/vc_column][\/vc_row][vc_row css_animation=&#8221;&#8221; row_type=&#8221;row&#8221; use_row_as_full_screen_section=&#8221;no&#8221; type=&#8221;full_width&#8221; angled_section=&#8221;no&#8221; text_align=&#8221;left&#8221; background_image_as_pattern=&#8221;without_pattern&#8221; css=&#8221;.vc_custom_1648975436693{background-color: #0a0a0a !important;}&#8221; z_index=&#8221;&#8221;][vc_column][vc_column_text el_class=&#8221;copyxarxa&#8221;]\u00a9 XARXA TEATRE 2022[\/vc_column_text][\/vc_column][\/vc_row]<\/p>\n<\/div>","protected":false},"excerpt":{"rendered":"<p>[vc_row css_animation=&#8221;&#8221; row_type=&#8221;row&#8221; use_row_as_full_screen_section=&#8221;no&#8221; type=&#8221;grid&#8221; angled_section=&#8221;no&#8221; text_align=&#8221;left&#8221; background_image_as_pattern=&#8221;without_pattern&#8221; el_class=&#8221;filatextlegal&#8221; z_index=&#8221;&#8221;][vc_column][vc_column_text css=&#8221;&#8221;] Transparency &nbsp; In accordance with article 3.2 of Law 2\/2015, of 2 April, of the Generalitat Valenciana, on transparency, good governance and participation (DOGV 7500,08\/04\/2015) Xarxa Teatre has received 5.942,83 \u20ac from Direcci\u00f3n General&#8230;<\/p>\n","protected":false},"author":1,"featured_media":0,"parent":0,"menu_order":0,"comment_status":"closed","ping_status":"closed","template":"full_width.php","meta":{"footnotes":""},"class_list":["post-4702","page","type-page","status-publish","hentry"],"_links":{"self":[{"href":"https:\/\/www.xarxateatre.com\/en\/wp-json\/wp\/v2\/pages\/4702","targetHints":{"allow":["GET"]}}],"collection":[{"href":"https:\/\/www.xarxateatre.com\/en\/wp-json\/wp\/v2\/pages"}],"about":[{"href":"https:\/\/www.xarxateatre.com\/en\/wp-json\/wp\/v2\/types\/page"}],"author":[{"embeddable":true,"href":"https:\/\/www.xarxateatre.com\/en\/wp-json\/wp\/v2\/users\/1"}],"replies":[{"embeddable":true,"href":"https:\/\/www.xarxateatre.com\/en\/wp-json\/wp\/v2\/comments?post=4702"}],"version-history":[{"count":33,"href":"https:\/\/www.xarxateatre.com\/en\/wp-json\/wp\/v2\/pages\/4702\/revisions"}],"predecessor-version":[{"id":5374,"href":"https:\/\/www.xarxateatre.com\/en\/wp-json\/wp\/v2\/pages\/4702\/revisions\/5374"}],"wp:attachment":[{"href":"https:\/\/www.xarxateatre.com\/en\/wp-json\/wp\/v2\/media?parent=4702"}],"curies":[{"name":"wp","href":"https:\/\/api.w.org\/{rel}","templated":true}]}}