{"id":2600,"date":"2022-04-03T09:12:49","date_gmt":"2022-04-03T09:12:49","guid":{"rendered":"https:\/\/www.xarxateatre.com\/ara-pacis\/"},"modified":"2026-01-13T18:59:26","modified_gmt":"2026-01-13T18:59:26","slug":"ara-pacis","status":"publish","type":"page","link":"https:\/\/www.xarxateatre.com\/en\/ara-pacis\/","title":{"rendered":"Ara Pacis"},"content":{"rendered":"<div class=\"wpb-content-wrapper\"><p>[vc_row css_animation=&#8221;&#8221; row_type=&#8221;row&#8221; use_row_as_full_screen_section=&#8221;yes&#8221; type=&#8221;full_width&#8221; angled_section=&#8221;no&#8221; text_align=&#8221;left&#8221; background_image_as_pattern=&#8221;without_pattern&#8221; z_index=&#8221;&#8221; el_id=&#8221;obracap&#8221; css=&#8221;.vc_custom_1650623562006{background-image: url(https:\/\/www.xarxateatre.com\/wp-content\/uploads\/2022\/04\/Ara-Pacis-Sotteville-France-2.jpg?id=646) !important;}&#8221;][vc_column][vc_empty_space height=&#8221;400px&#8221;][\/vc_column][\/vc_row][vc_row css_animation=&#8221;&#8221; row_type=&#8221;row&#8221; use_row_as_full_screen_section=&#8221;yes&#8221; type=&#8221;full_width&#8221; angled_section=&#8221;no&#8221; text_align=&#8221;left&#8221; background_image_as_pattern=&#8221;without_pattern&#8221; z_index=&#8221;&#8221; padding_top=&#8221;80&#8243; padding_bottom=&#8221;0&#8243; el_class=&#8221;contenidorgruptitol&#8221;][vc_column][vc_column_text el_class=&#8221;obratitol&#8221;]<\/p>\n<h1>Fahrenheit &#8211; Ara Pacis<\/h1>\n<p>[\/vc_column_text][vc_separator type=&#8221;normal&#8221; color=&#8221;#8bbc20&#8243;][vc_column_text el_class=&#8221;obrasubtitol&#8221; css=&#8221;.vc_custom_1667933322581{margin-top: -10px !important;}&#8221;]<\/p>\n<h3>On the way from peace to war<\/h3>\n<p>[\/vc_column_text][\/vc_column][\/vc_row][vc_row css_animation=&#8221;&#8221; row_type=&#8221;row&#8221; use_row_as_full_screen_section=&#8221;no&#8221; type=&#8221;full_width&#8221; angled_section=&#8221;no&#8221; text_align=&#8221;left&#8221; background_image_as_pattern=&#8221;without_pattern&#8221; z_index=&#8221;&#8221; padding_top=&#8221;20&#8243; padding_bottom=&#8221;0&#8243; el_class=&#8221;obresdiagonegra&#8221;][vc_column][vc_single_image image=&#8221;1817&#8243; img_size=&#8221;71&#215;71&#8243; qode_css_animation=&#8221;&#8221;][\/vc_column][\/vc_row][vc_row css_animation=&#8221;&#8221; row_type=&#8221;row&#8221; use_row_as_full_screen_section=&#8221;no&#8221; type=&#8221;full_width&#8221; angled_section=&#8221;no&#8221; text_align=&#8221;left&#8221; background_image_as_pattern=&#8221;without_pattern&#8221; z_index=&#8221;&#8221; padding_top=&#8221;0&#8243; padding_bottom=&#8221;30&#8243; css=&#8221;.vc_custom_1650623693664{margin-top: -15px !important;}&#8221; el_class=&#8221;obrestextes&#8221;][vc_column width=&#8221;2\/3&#8243;][vc_column_text el_class=&#8221;obratextnegre&#8221;]<strong>Fahrenheit-Ara Pacis<\/strong> is a large-format street theater show that delves into the pacifist message. It was born as a &#8221;work in progress&#8221; with 10 stops: La nuit des espouventails de Morges (Switzerland), Festival Cervantino de Guanajuato (Mexico), Festival Viva Cit\u00e9 de Sotteville-Les-Rouen (France), Fortress Festival de Suwon (South Korea), Vila-real Avan\u00e7a, Santiago a Mil (Chile), ULICA Festival (Krakow), MUT! Castell\u00f3, FAICP of Bogot\u00e1 (Colombia), Festival Geografies (Alacant). It has been the interest of major international festivals that has allowed Xarxa Teatre to produce a new <strong>large-format street theatre show<\/strong>.<\/p>\n<p>A show with a pacifist message. The title refers to the altars of war built by the Romans so that the gods would not abandon them and they could enjoy long periods without violence. Altars that ended up turned to ashes by new wars or religions. This dichotomy has always accompanied human beings: peace as a hoped-for desire versus violence as a means to solve our problems.[\/vc_column_text][\/vc_column][vc_column width=&#8221;1\/3&#8243;][\/vc_column][\/vc_row][vc_row css_animation=&#8221;&#8221; row_type=&#8221;row&#8221; use_row_as_full_screen_section=&#8221;yes&#8221; type=&#8221;full_width&#8221; angled_section=&#8221;no&#8221; text_align=&#8221;center&#8221; background_image_as_pattern=&#8221;without_pattern&#8221; z_index=&#8221;&#8221; css=&#8221;.vc_custom_1649104499588{margin-top: 0px !important;margin-right: 0px !important;margin-bottom: 0px !important;margin-left: 0px !important;border-top-width: 0px !important;border-right-width: 0px !important;border-bottom-width: 0px !important;border-left-width: 0px !important;padding-top: 0px !important;padding-right: 0px !important;padding-bottom: 0px !important;padding-left: 0px !important;}&#8221; side_padding=&#8221;0&#8243; background_image=&#8221;682&#8243;][vc_column css=&#8221;.vc_custom_1648597564371{margin-right: 0px !important;margin-left: 0px !important;}&#8221;][vc_empty_space height=&#8221;500px&#8221;][\/vc_column][\/vc_row][vc_row css_animation=&#8221;&#8221; row_type=&#8221;row&#8221; use_row_as_full_screen_section=&#8221;no&#8221; type=&#8221;full_width&#8221; angled_section=&#8221;no&#8221; text_align=&#8221;left&#8221; background_image_as_pattern=&#8221;without_pattern&#8221; z_index=&#8221;&#8221; padding_top=&#8221;30&#8243; padding_bottom=&#8221;60&#8243; css=&#8221;.vc_custom_1650623839820{margin-top: -15px !important;}&#8221; el_class=&#8221;obrestextes&#8221;][vc_column width=&#8221;2\/3&#8243;][vc_column_text el_class=&#8221;obratextnegre&#8221;]Xarxa uses all the usual scenic techniques in its productions -itinerance, large mobile elements, scenic use of pyrotechnics, spectacular lighting effects&#8230;- to place before the spectator&#8217;s eyes the transformation of an agrarian and festive society that ends up succumbing to the fury of war. In short, Ara Pacis is a hymn to peace in the hope that we will finally learn from the mistakes of the past. Man&#8217;s blindness is the fuel for war.[\/vc_column_text][\/vc_column][vc_column width=&#8221;1\/3&#8243;][\/vc_column][\/vc_row][vc_row css_animation=&#8221;&#8221; row_type=&#8221;row&#8221; use_row_as_full_screen_section=&#8221;yes&#8221; type=&#8221;full_width&#8221; angled_section=&#8221;no&#8221; text_align=&#8221;center&#8221; background_image_as_pattern=&#8221;without_pattern&#8221; z_index=&#8221;&#8221; css=&#8221;.vc_custom_1667816418846{margin-top: 0px !important;margin-right: 0px !important;margin-bottom: 0px !important;margin-left: 0px !important;border-top-width: 0px !important;border-right-width: 0px !important;border-bottom-width: 0px !important;border-left-width: 0px !important;padding-top: 0px !important;padding-right: 0px !important;padding-bottom: 0px !important;padding-left: 0px !important;}&#8221; el_class=&#8221;fila_videogaleria&#8221;][vc_column el_class=&#8221;videosobresgaleria&#8221; offset=&#8221;vc_col-lg-offset-0 vc_col-md-offset-0 vc_col-sm-offset-0&#8243;][qode_elements_holder number_of_columns=&#8221;one_column&#8221; custom_class=&#8221;galeriaholdervideo1&#8243;][qode_elements_holder_item advanced_animations=&#8221;no&#8221; custom_class=&#8221;galeriaholdervideo2&#8243;][vc_video link=&#8221;https:\/\/youtu.be\/4nIhHlJK5Lg&#8221; align=&#8221;center&#8221; el_class=&#8221;videoespectacle&#8221;][\/qode_elements_holder_item][\/qode_elements_holder][\/vc_column][\/vc_row][vc_row css_animation=&#8221;&#8221; row_type=&#8221;row&#8221; use_row_as_full_screen_section=&#8221;yes&#8221; type=&#8221;full_width&#8221; angled_section=&#8221;no&#8221; text_align=&#8221;center&#8221; background_image_as_pattern=&#8221;without_pattern&#8221; z_index=&#8221;&#8221; css=&#8221;.vc_custom_1650534475219{margin-top: 0px !important;margin-right: 0px !important;margin-bottom: 0px !important;margin-left: 0px !important;border-top-width: 0px !important;border-right-width: 0px !important;border-bottom-width: 0px !important;border-left-width: 0px !important;padding-top: 0px !important;padding-right: 0px !important;padding-bottom: 0px !important;padding-left: 0px !important;}&#8221; el_class=&#8221;fila_galeria&#8221;][vc_column el_class=&#8221;obresgaleria&#8221; offset=&#8221;vc_col-lg-offset-0 vc_col-md-offset-0 vc_col-sm-offset-0&#8243;][qode_elements_holder number_of_columns=&#8221;one_column&#8221; custom_class=&#8221;galeriaholder1&#8243;][qode_elements_holder_item advanced_animations=&#8221;no&#8221; custom_class=&#8221;galeriaholder2&#8243;][vc_gallery type=&#8221;image_grid&#8221; images=&#8221;1847,1865,1868,1859,1856,1826,1832,1835,1838,1862&#8243; img_size=&#8221;130&#215;130&#8243; column_number=&#8221;0&#8243; grayscale=&#8221;no&#8221; images_space=&#8221;gallery_without_space&#8221; el_class=&#8221;galeriaimatges&#8221;][\/qode_elements_holder_item][\/qode_elements_holder][\/vc_column][\/vc_row][vc_row css_animation=&#8221;&#8221; row_type=&#8221;row&#8221; use_row_as_full_screen_section=&#8221;yes&#8221; type=&#8221;full_width&#8221; angled_section=&#8221;no&#8221; text_align=&#8221;left&#8221; background_image_as_pattern=&#8221;without_pattern&#8221; z_index=&#8221;&#8221; padding_top=&#8221;80&#8243; padding_bottom=&#8221;100&#8243; el_class=&#8221;obresacordi&#8221;][vc_column][vc_accordion active_tab=&#8221;false&#8221; collapsible=&#8221;yes&#8221; style=&#8221;accordion&#8221; el_class=&#8221;obrescordocult&#8221;][vc_accordion_tab title=&#8221;Ficha art\u00edstica&#8221; title_tag=&#8221;h2&#8243; title_color=&#8221;#ffffff&#8221; background_color=&#8221;#0a0a0a&#8221;][qode_elements_holder number_of_columns=&#8221;two_columns&#8221;][qode_elements_holder_item vertical_alignment=&#8221;top&#8221; advanced_animations=&#8221;no&#8221;][vc_column_text el_class=&#8221;tiposacordio&#8221;]<\/p>\n<h5>Dramaturgia:<\/h5>\n<p><i>Vicent Mart\u00ed Xar<\/i><\/p>\n<h5>Dise\u00f1o y confecci\u00f3n de vestuario:<\/h5>\n<p>Maribel Peydr\u00f3<\/p>\n<p>Maribel Monle\u00f3n<\/p>\n<p>Xarxa Teatre<\/p>\n<h5>Dise\u00f1o escenografia y m\u00e1scaras:<\/h5>\n<p>Amat Bell\u00e9s<\/p>\n<p>Carles Abad<\/p>\n<p>Marcelo D\u00edaz<\/p>\n<p>Pasqual Arrufat<\/p>\n<h5>Construcci\u00f3n escenograf\u00eda:<\/h5>\n<p>Pasqual Arrufat<\/p>\n<p>Joan ninot<\/p>\n<p>Marcelo D\u00edaz<\/p>\n<p>Jos\u00e9 Ferrer<\/p>\n<h5>Iluminador:<\/h5>\n<p>Christophe Le Bideau[\/vc_column_text][\/qode_elements_holder_item][qode_elements_holder_item vertical_alignment=&#8221;top&#8221; advanced_animations=&#8221;no&#8221;][vc_column_text el_class=&#8221;tiposacordio&#8221;]<\/p>\n<h5>M\u00fasica:<\/h5>\n<p>\u00c1ngel Llu\u00eds Ferrando<\/p>\n<h5>RRPP:<\/h5>\n<p>Sixte Barber\u00e0<\/p>\n<h5>Administraci\u00f3n:<\/h5>\n<p>Josep Garc\u00eda<\/p>\n<h5>Management:<\/h5>\n<p>Laia Vilanova<\/p>\n<h5>Direcci\u00f3n t\u00e9cnica:<\/h5>\n<p>Angel Carrasco \u201cel Nano\u201d<\/p>\n<h5>Ayudante de direcci\u00f3n:<\/h5>\n<p>\u00d2scar Luna<\/p>\n<h5>Direcci\u00f3n:<\/h5>\n<p>Leandre Ll. Escamilla<\/p>\n<p>Manuel V. Vilanova[\/vc_column_text][\/qode_elements_holder_item][\/qode_elements_holder][\/vc_accordion_tab][\/vc_accordion][vc_accordion active_tab=&#8221;false&#8221; collapsible=&#8221;yes&#8221; style=&#8221;accordion&#8221; el_class=&#8221;obrescordocult&#8221;][vc_accordion_tab title=&#8221;Dossier&#8221; title_tag=&#8221;h2&#8243; title_color=&#8221;#ffffff&#8221; background_color=&#8221;#0a0a0a&#8221;][vc_single_image image=&#8221;1877&#8243; img_size=&#8221;100&#215;100&#8243; qode_css_animation=&#8221;&#8221;][\/vc_accordion_tab][\/vc_accordion][\/vc_column][\/vc_row][vc_row css_animation=&#8221;&#8221; row_type=&#8221;row&#8221; use_row_as_full_screen_section=&#8221;no&#8221; type=&#8221;full_width&#8221; angled_section=&#8221;no&#8221; text_align=&#8221;left&#8221; background_image_as_pattern=&#8221;without_pattern&#8221; css=&#8221;.vc_custom_1668192968046{background-color: #0a0a0a !important;}&#8221; z_index=&#8221;&#8221; el_class=&#8221;footermeu&#8221;][vc_column width=&#8221;1\/2&#8243;][vc_single_image image=&#8221;2018&#8243; img_size=&#8221;250&#215;47&#8243; qode_css_animation=&#8221;&#8221; el_class=&#8221;logofooterxarxa&#8221;][vc_column_text el_class=&#8221;text_contacte&#8221;]<a href=\"mailto:management@xarxateatre.com\" target=\"_blank\" rel=\"noopener\">management@xarxateatre.com<\/a><br \/>\n<a href=\"tel:964527995\" target=\"_blank\" rel=\"noopener\">T. \u202d964 527 995<\/a>\u202c<br \/>\nBorriol, 84<br \/>\n12540 Vila-real[\/vc_column_text][\/vc_column][vc_column width=&#8221;1\/2&#8243;][vc_single_image image=&#8221;4154&#8243; img_size=&#8221;full&#8221; qode_css_animation=&#8221;&#8221; el_class=&#8221;logoscolab&#8221;][\/vc_column][\/vc_row][vc_row css_animation=&#8221;&#8221; row_type=&#8221;row&#8221; use_row_as_full_screen_section=&#8221;no&#8221; type=&#8221;full_width&#8221; angled_section=&#8221;no&#8221; text_align=&#8221;left&#8221; background_image_as_pattern=&#8221;without_pattern&#8221; css=&#8221;.vc_custom_1668139636266{background-color: #0a0a0a !important;}&#8221; z_index=&#8221;&#8221;][vc_column][vc_column_text el_class=&#8221;texteslegals&#8221;]<\/p>\n<p><a href=\"https:\/\/www.xarxateatre.com\/aviso-legal\/\">LEGAL DISCLAIMER<\/a> | <a href=\"https:\/\/www.xarxateatre.com\/politica-de-privacidad\/\">PRIVACY POLICY<\/a> | <a href=\"https:\/\/www.xarxateatre.com\/politica-de-cookies\/\">COOKIES POLICY<\/a> | <a href=\"\/?page_id=1533\">TRANSPARENCY<\/a><\/p>\n<p>[\/vc_column_text][\/vc_column][\/vc_row][vc_row css_animation=&#8221;&#8221; row_type=&#8221;row&#8221; use_row_as_full_screen_section=&#8221;no&#8221; type=&#8221;full_width&#8221; angled_section=&#8221;no&#8221; text_align=&#8221;left&#8221; background_image_as_pattern=&#8221;without_pattern&#8221; css=&#8221;.vc_custom_1648975436693{background-color: #0a0a0a !important;}&#8221; z_index=&#8221;&#8221;][vc_column][vc_column_text el_class=&#8221;copyxarxa&#8221;]\u00a9 XARXA TEATRE 2022[\/vc_column_text][\/vc_column][\/vc_row]<\/p>\n<\/div>","protected":false},"excerpt":{"rendered":"<p>[vc_row css_animation=&#8221;&#8221; row_type=&#8221;row&#8221; use_row_as_full_screen_section=&#8221;yes&#8221; type=&#8221;full_width&#8221; angled_section=&#8221;no&#8221; text_align=&#8221;left&#8221; background_image_as_pattern=&#8221;without_pattern&#8221; z_index=&#8221;&#8221; el_id=&#8221;obracap&#8221; css=&#8221;.vc_custom_1650623562006{background-image: url(https:\/\/www.xarxateatre.com\/wp-content\/uploads\/2022\/04\/Ara-Pacis-Sotteville-France-2.jpg?id=646) !important;}&#8221;][vc_column][vc_empty_space height=&#8221;400px&#8221;][\/vc_column][\/vc_row][vc_row css_animation=&#8221;&#8221; row_type=&#8221;row&#8221; use_row_as_full_screen_section=&#8221;yes&#8221; type=&#8221;full_width&#8221; angled_section=&#8221;no&#8221; text_align=&#8221;left&#8221; background_image_as_pattern=&#8221;without_pattern&#8221; z_index=&#8221;&#8221; padding_top=&#8221;80&#8243; padding_bottom=&#8221;0&#8243; el_class=&#8221;contenidorgruptitol&#8221;][vc_column][vc_column_text el_class=&#8221;obratitol&#8221;] Fahrenheit &#8211; Ara Pacis [\/vc_column_text][vc_separator type=&#8221;normal&#8221; color=&#8221;#8bbc20&#8243;][vc_column_text el_class=&#8221;obrasubtitol&#8221; css=&#8221;.vc_custom_1667933322581{margin-top: -10px !important;}&#8221;] On the way from peace to war [\/vc_column_text][\/vc_column][\/vc_row][vc_row&#8230;<\/p>\n","protected":false},"author":1,"featured_media":0,"parent":0,"menu_order":0,"comment_status":"closed","ping_status":"closed","template":"full_width.php","meta":{"footnotes":""},"class_list":["post-2600","page","type-page","status-publish","hentry"],"_links":{"self":[{"href":"https:\/\/www.xarxateatre.com\/en\/wp-json\/wp\/v2\/pages\/2600","targetHints":{"allow":["GET"]}}],"collection":[{"href":"https:\/\/www.xarxateatre.com\/en\/wp-json\/wp\/v2\/pages"}],"about":[{"href":"https:\/\/www.xarxateatre.com\/en\/wp-json\/wp\/v2\/types\/page"}],"author":[{"embeddable":true,"href":"https:\/\/www.xarxateatre.com\/en\/wp-json\/wp\/v2\/users\/1"}],"replies":[{"embeddable":true,"href":"https:\/\/www.xarxateatre.com\/en\/wp-json\/wp\/v2\/comments?post=2600"}],"version-history":[{"count":42,"href":"https:\/\/www.xarxateatre.com\/en\/wp-json\/wp\/v2\/pages\/2600\/revisions"}],"predecessor-version":[{"id":5181,"href":"https:\/\/www.xarxateatre.com\/en\/wp-json\/wp\/v2\/pages\/2600\/revisions\/5181"}],"wp:attachment":[{"href":"https:\/\/www.xarxateatre.com\/en\/wp-json\/wp\/v2\/media?parent=2600"}],"curies":[{"name":"wp","href":"https:\/\/api.w.org\/{rel}","templated":true}]}}