{"id":4693,"date":"2024-11-20T11:21:47","date_gmt":"2024-11-20T11:21:47","guid":{"rendered":"https:\/\/www.xarxateatre.com\/transparencia-2\/"},"modified":"2026-01-14T14:36:43","modified_gmt":"2026-01-14T14:36:43","slug":"transparencia-2","status":"publish","type":"page","link":"https:\/\/www.xarxateatre.com\/ca\/transparencia-2\/","title":{"rendered":"Transpar\u00e8ncia"},"content":{"rendered":"<div class=\"wpb-content-wrapper\"><p>[vc_row css_animation=&#8221;&#8221; row_type=&#8221;row&#8221; use_row_as_full_screen_section=&#8221;no&#8221; type=&#8221;grid&#8221; angled_section=&#8221;no&#8221; text_align=&#8221;left&#8221; background_image_as_pattern=&#8221;without_pattern&#8221; el_class=&#8221;filatextlegal&#8221; z_index=&#8221;&#8221;][vc_column][vc_column_text css=&#8221;&#8221;]<\/p>\n<div>\n<div>\n<h2 data-fontsize=\"18\" data-lineheight=\"27\">Transpar\u00e8ncia<\/h2>\n<div>\n<div>\n<p>&nbsp;<\/p>\n<\/div>\n<\/div>\n<div>\n<div>\n<p>D\u2019acord amb l\u2019article 3.2 de la Llei 2\/2015, de 2 d\u2019abril, de la Generalitat Valenciana, de transpar\u00e8ncia, bon govern i participaci\u00f3 (DOGV 7500,08\/04\/2015) Xarxa Teatre ha rebut 5.942,83 \u20ac de la Direcci\u00f3 General d\u2019Emprenedoria i Internacionalitzaci\u00f3; Subdirecci\u00f3 General d\u2019Internacionalitzaci\u00f3 de la Generalitat Valenciana de les ajudes a la internacionalitzaci\u00f3 de pymes exportadores de la Comunitat Valenciana 2025.<\/p>\n<\/div>\n<\/div>\n<\/div>\n<\/div>\n<div>\n<hr>\n<p>D&#8217;acord amb l&#8217;article 3.2 de la Llei 2\/2015, de 2 d&#8217;abril, de la Generalitat Valenciana, de transpar\u00e8ncia, bon govern i participaci\u00f3 (DOGV 7500,08\/04\/2015) Xarxa Teatre S.L. ha rebut ajudes del Institut Valenci\u00e0 de Cultura per valor de 130.000,00 \u20ac per a l&#8217;any 2024 i 130.000,00\u20ac per a l&#8217;any 2025 per a les produccions de La Serena de la Mar i Babel de Xarxa Teatre, aix\u00ed com, la gira 2024-2025, l&#8217;assist\u00e8ncia a Fires i l&#8217;edici\u00f3 de la revista Fiestacultura.<br \/>Aix\u00ed mateix, ha rebut 500\u20ac de la Direcci\u00f3 General d&#8217;Internacionalitzaci\u00f3 de la Generalitat Valenciana en les ajudes a la internacionalitzaci\u00f3 de pimes exportadores de la Comunitat Valenciana 2024.<br \/>Xarxa Teatre ha rebut 41.000\u20ac del INAEM per les Ajudes al teatre i circ convocades en el BOE n\u00fam 69, de 19 de mar\u00e7 de 2024, en concepte de gires internacionals de teatre, que han compr\u00e9s els seg\u00fcents pa\u00efsos Brasil, Andorra, Costa Rica i Col\u00f2mbia.<\/p>\n<p>Aix\u00ed mateix, ha rebut 500\u20ac de la Direcci\u00f3 General d&#8217;Internacionalitzaci\u00f3 de la Generalitat Valenciana en les ajudes a la internacionalitzaci\u00f3 de pimes exportadores de la Comunitat Valenciana 2024.<\/p>\n<p>Xarxa Teatre ha rebut 41.000\u20ac de l&#8217;INAEM pels Ajuts al teatre i circ convocats al BOE n\u00fam 69, de 19 de mar\u00e7 de 2024, en concepte de gires internacionals de teatre, que han compr\u00e8s els seg\u00fcents pa\u00efsos Brasil, Andorra, Costa Rica i Col\u00f2mbia.<\/p>\n<\/div>\n<div>\n<hr>\n<\/div>\n<div>\n<div>\n<p>D&#8217;acord amb l&#8217;article 3.2 de la Llei 2\/2015, de 2 d&#8217;abril, de la Generalitat Valenciana, de transpar\u00e8ncia, bon govern i participaci\u00f3 (DOGV 7500,08\/04\/2015) Xarxa Teatre SL ha rebut ajuts de la Conselleria d &#8216;Ind\u00fastria, dinar i turisme de la Generalitat Valenciana, per al suport a la promoci\u00f3 exterior de la Comunitat Valenciana 2023 per un valor de 7.383,97 \u20ac.<\/p>\n<\/div>\n<\/div>\n<div>\n<hr>\n<\/div>\n<div>\n<div>\n<p>D&#8217;acord amb l&#8217;article 3.2 de la Llei 2\/2015, de 2 d&#8217;abril, de la Generalitat Valenciana, de transpar\u00e8ncia, bon govern i participaci\u00f3 (DOGV 7500,08\/04\/2015) Xarxa Teatre SL ha rebut ajuts de l&#8217;Institut Valenci\u00e0 de Cultura per valor de 125.814,00 \u20ac per a l&#8217;any 2022 i 130.000,00 \u20ac per a l&#8217;any 2023 per a la coproducci\u00f3 internacional XL, aix\u00ed com la gira dels 40 anys (2022-2023), l&#8217;assist\u00e8ncia a Fires i l&#8217;edici\u00f3 de la revista Fiestacultura.<\/p>\n<\/div>\n<\/div>\n<div>\n<hr>\n<\/div>\n<div>\n<div>\n<p>D&#8217;acord amb l&#8217;article 3.2 de la Llei 2\/2015, de 2 d&#8217;abril, de la Generalitat Valenciana, de transpar\u00e8ncia, bon govern i participaci\u00f3 (DOGV 7500,08\/04\/2015) Xarxa Teatre SL ha rebut durant l&#8217;any 2021 ajuts de l&#8217;Institut Valenci\u00e0 de la Cultura per valor de 74.848 \u20ac<br \/>\n 7.348\u20ac per a l&#8217;assist\u00e8ncia de la Mostra d&#8217;Alcoi, Fia T\u00e0rrega, Umore Azoka i Mercartes.<br \/>\n 7.500 \u20ac com a subvenci\u00f3 per a la revista internacional quadrimestral Fiestacultura.<br \/>\n 60.000 \u20ac per a la producci\u00f3 de Bioh\u00e0bitat, la tercera part de la trilogia Distopia.<\/p>\n<\/div>\n<\/div>\n<p>[\/vc_column_text][\/vc_column][\/vc_row][vc_row css_animation=&#8221;&#8221; row_type=&#8221;row&#8221; use_row_as_full_screen_section=&#8221;no&#8221; type=&#8221;full_width&#8221; angled_section=&#8221;no&#8221; text_align=&#8221;left&#8221; background_image_as_pattern=&#8221;without_pattern&#8221; css=&#8221;.vc_custom_1668192968046{background-color: #0a0a0a !important;}&#8221; z_index=&#8221;&#8221; el_class=&#8221;footermeu&#8221;][vc_column width=&#8221;1\/2&#8243;][vc_single_image image=&#8221;2017&#8243; img_size=&#8221;250&#215;47&#8243; qode_css_animation=&#8221;&#8221; el_class=&#8221;logofooterxarxa&#8221;][vc_column_text el_class=&#8221;text_contacte&#8221;]<\/p>\n<p><a href=\"mailto:management@xarxateatre.com\" target=\"_blank\" rel=\"noopener\">management@xarxateatre.com<\/a><br \/>\n <a href=\"tel:964527995\" target=\"_blank\" rel=\"noopener\">T. 964 527 995<\/a><br \/>\n Borriol, 84<br \/>\n 12540 Vila-real<\/p>\n<p>[\/vc_column_text][\/vc_column][vc_column width=&#8221;1\/2&#8243;][vc_single_image image=&#8221;4153&#8243; img_size=&#8221;full&#8221; qode_css_animation=&#8221;&#8221; el_class=&#8221;logoscolab&#8221;][\/vc_column][\/vc_row][vc_row css_animation=&#8221;&#8221; row_type=&#8221;row&#8221; use_row_as_full_screen_section=&#8221;no&#8221; type=&#8221;full_width&#8221; angled_section=&#8221;no&#8221; text_align=&#8221;left&#8221; background_image_as_pattern=&#8221;without_pattern&#8221; css=&#8221;.vc_custom_1668139636266{background-color: #0a0a0a !important;}&#8221; z_index=&#8221;&#8221;][vc_column][vc_column_text el_class=&#8221;texteslegals&#8221;]<\/p>\n<p><a href=\"https:\/\/www.xarxateatre.com\/ca\/avis-legal\/\">AV\u00cdS LEGAL<\/a> | <a href=\"https:\/\/www.xarxateatre.com\/ca\/politica-de-privacitat\/\">POL\u00cdTICA DE PRIVACITAT<\/a> | <a href=\"https:\/\/www.xarxateatre.com\/ca\/politica-de-cookies\/\">POL\u00cdTICA DE COOKIES<\/a> | <a href=\"https:\/\/www.xarxateatre.com\/transpariencia\/\">TRANSPAR\u00c8NCIA<\/a><\/p>\n<p>[\/vc_column_text][\/vc_column][\/vc_row][vc_row css_animation=&#8221;&#8221; row_type=&#8221;row&#8221; use_row_as_full_screen_section=&#8221;no&#8221; type=&#8221;full_width&#8221; angled_section=&#8221;no&#8221; text_align=&#8221;left&#8221; background_image_as_pattern=&#8221;without_pattern&#8221; css=&#8221;.vc_custom_1648975436693{background-color: #0a0a0a !important;}&#8221; z_index=&#8221;&#8221;][vc_column][vc_column_text el_class=&#8221;copyxarxa&#8221;]\u00a9 XARXA TEATRE 2022[\/vc_column_text][\/vc_column][\/vc_row]<\/p>\n<\/div>","protected":false},"excerpt":{"rendered":"<p>[vc_row css_animation=&#8221;&#8221; row_type=&#8221;row&#8221; use_row_as_full_screen_section=&#8221;no&#8221; type=&#8221;grid&#8221; angled_section=&#8221;no&#8221; text_align=&#8221;left&#8221; background_image_as_pattern=&#8221;without_pattern&#8221; el_class=&#8221;filatextlegal&#8221; z_index=&#8221;&#8221;][vc_column][vc_column_text css=&#8221;&#8221;] Transpar\u00e8ncia &nbsp; D\u2019acord amb l\u2019article 3.2 de la Llei 2\/2015, de 2 d\u2019abril, de la Generalitat Valenciana, de transpar\u00e8ncia, bon govern i participaci\u00f3 (DOGV 7500,08\/04\/2015) Xarxa Teatre ha rebut 5.942,83 \u20ac de la Direcci\u00f3&#8230;<\/p>\n","protected":false},"author":1,"featured_media":0,"parent":0,"menu_order":0,"comment_status":"closed","ping_status":"closed","template":"full_width.php","meta":{"footnotes":""},"class_list":["post-4693","page","type-page","status-publish","hentry"],"_links":{"self":[{"href":"https:\/\/www.xarxateatre.com\/ca\/wp-json\/wp\/v2\/pages\/4693","targetHints":{"allow":["GET"]}}],"collection":[{"href":"https:\/\/www.xarxateatre.com\/ca\/wp-json\/wp\/v2\/pages"}],"about":[{"href":"https:\/\/www.xarxateatre.com\/ca\/wp-json\/wp\/v2\/types\/page"}],"author":[{"embeddable":true,"href":"https:\/\/www.xarxateatre.com\/ca\/wp-json\/wp\/v2\/users\/1"}],"replies":[{"embeddable":true,"href":"https:\/\/www.xarxateatre.com\/ca\/wp-json\/wp\/v2\/comments?post=4693"}],"version-history":[{"count":44,"href":"https:\/\/www.xarxateatre.com\/ca\/wp-json\/wp\/v2\/pages\/4693\/revisions"}],"predecessor-version":[{"id":5370,"href":"https:\/\/www.xarxateatre.com\/ca\/wp-json\/wp\/v2\/pages\/4693\/revisions\/5370"}],"wp:attachment":[{"href":"https:\/\/www.xarxateatre.com\/ca\/wp-json\/wp\/v2\/media?parent=4693"}],"curies":[{"name":"wp","href":"https:\/\/api.w.org\/{rel}","templated":true}]}}