{"id":2546,"date":"2020-11-26T02:06:39","date_gmt":"2020-11-26T02:06:39","guid":{"rendered":"https:\/\/www.xarxateatre.com\/xarxa-teatre\/"},"modified":"2024-11-20T13:24:15","modified_gmt":"2024-11-20T13:24:15","slug":"xarxa-teatre","status":"publish","type":"page","link":"https:\/\/www.xarxateatre.com\/ca\/xarxa-teatre\/","title":{"rendered":"Xarxa Teatre"},"content":{"rendered":"<div class=\"wpb-content-wrapper\"><p>[vc_row css_animation=&#8221;&#8221; row_type=&#8221;row&#8221; use_row_as_full_screen_section=&#8221;yes&#8221; type=&#8221;full_width&#8221; angled_section=&#8221;no&#8221; text_align=&#8221;left&#8221; background_image_as_pattern=&#8221;without_pattern&#8221; z_index=&#8221;&#8221; el_id=&#8221;marca_xarxa_web&#8221;][vc_column width=&#8221;1\/3&#8243; el_class=&#8221;holdermarca2&#8243;][vc_single_image image=&#8221;1786&#8243; img_size=&#8221;240&#215;45&#8243; onclick=&#8221;custom_link&#8221; qode_css_animation=&#8221;&#8221; el_id=&#8221;pxarxa_lamarca&#8221; el_class=&#8221;pxarxa_lamarcacl&#8221; link=&#8221;http:\/\/webprova0422.xarxateatre.com&#8221;][\/vc_column][vc_column width=&#8221;2\/3&#8243;][\/vc_column][\/vc_row][vc_row css_animation=&#8221;&#8221; row_type=&#8221;row&#8221; use_row_as_full_screen_section=&#8221;yes&#8221; type=&#8221;full_width&#8221; angled_section=&#8221;no&#8221; text_align=&#8221;left&#8221; background_image_as_pattern=&#8221;without_pattern&#8221; z_index=&#8221;&#8221; el_class=&#8221;bloctextxarxa&#8221;][vc_column width=&#8221;1\/3&#8243; el_class=&#8221;holderdiagonal2&#8243;][vc_single_image image=&#8221;1792&#8243; img_size=&#8221;71&#215;71&#8243; alignment=&#8221;right&#8221; qode_css_animation=&#8221;&#8221; css=&#8221;.vc_custom_1648590416867{padding-top: 18px !important;}&#8221; el_class=&#8221;pxarxa_diagonal&#8221;][\/vc_column][vc_column width=&#8221;2\/3&#8243; el_class=&#8221;texdretaxarxa&#8221;][vc_column_text el_class=&#8221;pxarxaparagraf&#8221;]Xarxa Teatre naix l\u2019any 1983 a Vila-real (Castell\u00f3) i ha viscut, fins als nostres dies, un creixement continu. Des dels seus inicis, els directors de Xarxa Teatre van optar pel carrer com a escenari per als seus espectacles. En tot aquest temps, els directors de la companyia, Manuel V. Vilanova i Leandre Ll. Escamilla no han renunciat als seus or\u00edgens i Xarxa Teatre s&#8217;ha convertit en una de les companyies de teatre de carrer de gran format m\u00e9s personals del m\u00f3n.<\/p>\n<p><strong>\u2022 Tradici\u00f3.<\/strong> La cultura popular valenciana i mediterr\u00e0nia conforma el nucli tem\u00e0tic principal dels muntatges. La companyia ha sabut submergir-se en les tradicions, portar-les fins als nostres dies i fer-les universals. El p\u00fablic respon als espectacles perqu\u00e8 ent\u00e9n que aquests representen una realitat, una forma de vida particular.<\/p>\n<p><strong>\u2022 Teatre festiu.<\/strong> Les obres de Xarxa provoquen al p\u00fablic, penetren per tots els sentits (l&#8217;olor de la p\u00f3lvora, la for\u00e7a visual de les imatges, el ritme de la m\u00fasica\u2026). No hi ha nom\u00e9s una manera de viure els espectacles, sin\u00f3 tantes com espectadors.<\/p>\n<p><strong>\u2022 Llenguatge universal.<\/strong> La companyia ha apostat per un llenguatge propi en el qual el gest es complementa amb altres elements com la m\u00fasica, els efectes pirot\u00e8cnics i lum\u00ednics\u2026 Aquesta aposta allibera l&#8217;espectacle del text parlat i permet que les obres de Xarxa puguen representar-se en qualsevol lloc del m\u00f3n i davant grans multituds.<\/p>\n<p><strong>\u2022 Pirot\u00e8cnia esc\u00e8nica.<\/strong> La pirot\u00e8cnia deixa de ser un element espectacular per a ajudar a narrar la hist\u00f2ria. Tan prompte submergeix a l&#8217;espectador en una festa tradicional valenciana com recrea una tempesta en alta mar. Per alguna cosa la premsa ha reconegut a Xarxa com els escultors de foc.<\/p>\n<p><strong>\u2022 Teatre multim\u00e8dia<\/strong>. Xarxa ha sabut incorporar les noves tecnologies als seus espectacles. L&#8217;\u00fas de tots els elements t\u00e8cnics que ofereix el teatre actual (projeccions de gran format, \u00fas de grues i grans estructures\u2026) permet a la companyia afrontar qualsevol repte art\u00edstic.[\/vc_column_text][\/vc_column][\/vc_row][vc_row css_animation=&#8221;&#8221; row_type=&#8221;row&#8221; use_row_as_full_screen_section=&#8221;yes&#8221; type=&#8221;full_width&#8221; angled_section=&#8221;no&#8221; text_align=&#8221;left&#8221; background_image_as_pattern=&#8221;without_pattern&#8221; z_index=&#8221;&#8221;][vc_column width=&#8221;1\/3&#8243; el_class=&#8221;holderdiagonal2&#8243;][\/vc_column][vc_column width=&#8221;2\/3&#8243; el_class=&#8221;texdretaxarxa&#8221;][vc_video link=&#8221;&#8221; el_class=&#8221;video_hist&#8221;][\/vc_column][\/vc_row][vc_row css_animation=&#8221;&#8221; row_type=&#8221;row&#8221; use_row_as_full_screen_section=&#8221;yes&#8221; type=&#8221;full_width&#8221; angled_section=&#8221;no&#8221; text_align=&#8221;center&#8221; background_image_as_pattern=&#8221;without_pattern&#8221; z_index=&#8221;&#8221; css=&#8221;.vc_custom_1648597654131{margin-top: 0px !important;margin-right: 0px !important;margin-bottom: 0px !important;margin-left: 0px !important;border-top-width: 0px !important;border-right-width: 0px !important;border-bottom-width: 0px !important;border-left-width: 0px !important;padding-top: 0px !important;padding-right: 0px !important;padding-bottom: 0px !important;padding-left: 0px !important;}&#8221; side_padding=&#8221;0&#8243;][vc_column css=&#8221;.vc_custom_1648597564371{margin-right: 0px !important;margin-left: 0px !important;}&#8221;][vc_single_image image=&#8221;1690&#8243; img_size=&#8221;full&#8221; alignment=&#8221;center&#8221; qode_css_animation=&#8221;&#8221; el_class=&#8221;imatge_interior&#8221; css=&#8221;.vc_custom_1648597707977{margin-top: 0px !important;margin-right: -20px !important;margin-bottom: 0px !important;margin-left: -20px !important;border-top-width: 0px !important;border-right-width: 0px !important;border-bottom-width: 0px !important;border-left-width: 0px !important;padding-top: 0px !important;padding-right: 0px !important;padding-bottom: 0px !important;padding-left: 0px !important;}&#8221;][\/vc_column][\/vc_row][vc_row css_animation=&#8221;&#8221; row_type=&#8221;row&#8221; use_row_as_full_screen_section=&#8221;no&#8221; type=&#8221;full_width&#8221; angled_section=&#8221;no&#8221; text_align=&#8221;left&#8221; background_image_as_pattern=&#8221;without_pattern&#8221; css=&#8221;.vc_custom_1668192968046{background-color: #0a0a0a !important;}&#8221; z_index=&#8221;&#8221; el_class=&#8221;footermeu&#8221;][vc_column width=&#8221;1\/2&#8243;][vc_single_image image=&#8221;2017&#8243; img_size=&#8221;250&#215;47&#8243; qode_css_animation=&#8221;&#8221; el_class=&#8221;logofooterxarxa&#8221;][vc_column_text el_class=&#8221;text_contacte&#8221;]<a href=\"mailto:management@xarxateatre.com\" target=\"_blank\" rel=\"noopener\">management@xarxateatre.com<\/a><br \/>\n <a href=\"tel:964527995\" target=\"_blank\" rel=\"noopener\">T. 964 527 995<\/a><br \/>\n Borriol, 84<br \/>\n 12540 Vila-real[\/vc_column_text][\/vc_column][vc_column width=&#8221;1\/2&#8243;][vc_single_image image=&#8221;4153&#8243; img_size=&#8221;full&#8221; qode_css_animation=&#8221;&#8221;][\/vc_column][\/vc_row][vc_row css_animation=&#8221;&#8221; row_type=&#8221;row&#8221; use_row_as_full_screen_section=&#8221;no&#8221; type=&#8221;full_width&#8221; angled_section=&#8221;no&#8221; text_align=&#8221;left&#8221; background_image_as_pattern=&#8221;without_pattern&#8221; css=&#8221;.vc_custom_1668139636266{background-color: #0a0a0a !important;}&#8221; z_index=&#8221;&#8221;][vc_column][vc_column_text el_class=&#8221;texteslegals&#8221;]<\/p>\n<p><a href=\"https:\/\/www.xarxateatre.com\/ca\/avis-legal\/\">AV\u00cdS LEGAL<\/a> | <a href=\"https:\/\/www.xarxateatre.com\/ca\/politica-de-privacitat\/\">POL\u00cdTICA DE PRIVACITAT<\/a> | <a href=\"https:\/\/www.xarxateatre.com\/politica-de-cookies\/\">POL\u00cdTICA DE COOKIES<\/a> | <a href=\"https:\/\/www.xarxateatre.com\/ca\/transparencia-2\/\">TRANSPAR\u00c8NCIA<\/a><\/p>\n<p>[\/vc_column_text][\/vc_column][\/vc_row][vc_row css_animation=&#8221;&#8221; row_type=&#8221;row&#8221; use_row_as_full_screen_section=&#8221;no&#8221; type=&#8221;full_width&#8221; angled_section=&#8221;no&#8221; text_align=&#8221;left&#8221; background_image_as_pattern=&#8221;without_pattern&#8221; css=&#8221;.vc_custom_1648975436693{background-color: #0a0a0a !important;}&#8221; z_index=&#8221;&#8221;][vc_column][vc_column_text el_class=&#8221;copyxarxa&#8221;]\u00a9 XARXA TEATRE 2022[\/vc_column_text][\/vc_column][\/vc_row]<\/p>\n<\/div>","protected":false},"excerpt":{"rendered":"<p>[vc_row css_animation=&#8221;&#8221; row_type=&#8221;row&#8221; use_row_as_full_screen_section=&#8221;yes&#8221; type=&#8221;full_width&#8221; angled_section=&#8221;no&#8221; text_align=&#8221;left&#8221; background_image_as_pattern=&#8221;without_pattern&#8221; z_index=&#8221;&#8221; el_id=&#8221;marca_xarxa_web&#8221;][vc_column width=&#8221;1\/3&#8243; el_class=&#8221;holdermarca2&#8243;][vc_single_image image=&#8221;1786&#8243; img_size=&#8221;240&#215;45&#8243; onclick=&#8221;custom_link&#8221; qode_css_animation=&#8221;&#8221; el_id=&#8221;pxarxa_lamarca&#8221; el_class=&#8221;pxarxa_lamarcacl&#8221; link=&#8221;http:\/\/webprova0422.xarxateatre.com&#8221;][\/vc_column][vc_column width=&#8221;2\/3&#8243;][\/vc_column][\/vc_row][vc_row css_animation=&#8221;&#8221; row_type=&#8221;row&#8221; use_row_as_full_screen_section=&#8221;yes&#8221; type=&#8221;full_width&#8221; angled_section=&#8221;no&#8221; text_align=&#8221;left&#8221; background_image_as_pattern=&#8221;without_pattern&#8221; z_index=&#8221;&#8221; el_class=&#8221;bloctextxarxa&#8221;][vc_column width=&#8221;1\/3&#8243; el_class=&#8221;holderdiagonal2&#8243;][vc_single_image image=&#8221;1792&#8243; img_size=&#8221;71&#215;71&#8243; alignment=&#8221;right&#8221; qode_css_animation=&#8221;&#8221; css=&#8221;.vc_custom_1648590416867{padding-top: 18px !important;}&#8221; el_class=&#8221;pxarxa_diagonal&#8221;][\/vc_column][vc_column width=&#8221;2\/3&#8243; el_class=&#8221;texdretaxarxa&#8221;][vc_column_text el_class=&#8221;pxarxaparagraf&#8221;]Xarxa Teatre naix l\u2019any&#8230;<\/p>\n","protected":false},"author":1,"featured_media":0,"parent":0,"menu_order":0,"comment_status":"closed","ping_status":"closed","template":"full_width.php","meta":{"footnotes":""},"class_list":["post-2546","page","type-page","status-publish","hentry"],"_links":{"self":[{"href":"https:\/\/www.xarxateatre.com\/ca\/wp-json\/wp\/v2\/pages\/2546","targetHints":{"allow":["GET"]}}],"collection":[{"href":"https:\/\/www.xarxateatre.com\/ca\/wp-json\/wp\/v2\/pages"}],"about":[{"href":"https:\/\/www.xarxateatre.com\/ca\/wp-json\/wp\/v2\/types\/page"}],"author":[{"embeddable":true,"href":"https:\/\/www.xarxateatre.com\/ca\/wp-json\/wp\/v2\/users\/1"}],"replies":[{"embeddable":true,"href":"https:\/\/www.xarxateatre.com\/ca\/wp-json\/wp\/v2\/comments?post=2546"}],"version-history":[{"count":40,"href":"https:\/\/www.xarxateatre.com\/ca\/wp-json\/wp\/v2\/pages\/2546\/revisions"}],"predecessor-version":[{"id":4881,"href":"https:\/\/www.xarxateatre.com\/ca\/wp-json\/wp\/v2\/pages\/2546\/revisions\/4881"}],"wp:attachment":[{"href":"https:\/\/www.xarxateatre.com\/ca\/wp-json\/wp\/v2\/media?parent=2546"}],"curies":[{"name":"wp","href":"https:\/\/api.w.org\/{rel}","templated":true}]}}